{"id":24738,"date":"2025-03-20T12:58:45","date_gmt":"2025-03-20T17:58:45","guid":{"rendered":"https:\/\/deev.pe\/?page_id=24738"},"modified":"2025-03-20T15:31:02","modified_gmt":"2025-03-20T20:31:02","slug":"repositorio-de-trabajos-tecnicos","status":"publish","type":"page","link":"https:\/\/deev.pe\/en\/cierre-de-minas\/repositorio-de-trabajos-tecnicos\/","title":{"rendered":"Congreso Cierre de Minas 2025 \u2013 Repositorio de Trabajos T\u00e9cnicos"},"content":{"rendered":"<div data-elementor-type=\"wp-page\" data-elementor-id=\"24738\" class=\"elementor elementor-24738\" data-elementor-post-type=\"page\">\n\t\t\t\t<header class=\"elementor-element elementor-element-c8b1a4c e-flex e-con-boxed e-con e-parent\" data-id=\"c8b1a4c\" data-element_type=\"container\" data-e-type=\"container\" data-settings=\"{&quot;background_background&quot;:&quot;classic&quot;,&quot;shape_divider_bottom&quot;:&quot;mountains&quot;}\">\n\t\t\t\t\t<div class=\"e-con-inner\">\n\t\t\t\t<div class=\"elementor-shape elementor-shape-bottom\" aria-hidden=\"true\" data-negative=\"false\">\n\t\t\t<svg xmlns=\"http:\/\/www.w3.org\/2000\/svg\" viewbox=\"0 0 1000 100\" preserveaspectratio=\"none\">\n\t<path class=\"elementor-shape-fill\" opacity=\"0.33\" d=\"M473,67.3c-203.9,88.3-263.1-34-320.3,0C66,119.1,0,59.7,0,59.7V0h1000v59.7 c0,0-62.1,26.1-94.9,29.3c-32.8,3.3-62.8-12.3-75.8-22.1C806,49.6,745.3,8.7,694.9,4.7S492.4,59,473,67.3z\"\/>\n\t<path class=\"elementor-shape-fill\" opacity=\"0.66\" d=\"M734,67.3c-45.5,0-77.2-23.2-129.1-39.1c-28.6-8.7-150.3-10.1-254,39.1 s-91.7-34.4-149.2,0C115.7,118.3,0,39.8,0,39.8V0h1000v36.5c0,0-28.2-18.5-92.1-18.5C810.2,18.1,775.7,67.3,734,67.3z\"\/>\n\t<path class=\"elementor-shape-fill\" d=\"M766.1,28.9c-200-57.5-266,65.5-395.1,19.5C242,1.8,242,5.4,184.8,20.6C128,35.8,132.3,44.9,89.9,52.5C28.6,63.7,0,0,0,0 h1000c0,0-9.9,40.9-83.6,48.1S829.6,47,766.1,28.9z\"\/>\n<\/svg>\t\t<\/div>\n\t\t\t\t<div class=\"elementor-element elementor-element-ffafa7f elementor-widget elementor-widget-image\" data-id=\"ffafa7f\" data-element_type=\"widget\" data-e-type=\"widget\" data-widget_type=\"image.default\">\n\t\t\t\t<div class=\"elementor-widget-container\">\n\t\t\t\t\t\t\t\t\t\t\t\t\t\t\t<img fetchpriority=\"high\" decoding=\"async\" width=\"1024\" height=\"274\" src=\"https:\/\/deev.pe\/wp-content\/uploads\/2025\/01\/logo-cierre-de-minas-1024x274.webp\" class=\"attachment-large size-large wp-image-23146\" alt=\"\" srcset=\"https:\/\/deev.pe\/wp-content\/uploads\/2025\/01\/logo-cierre-de-minas-1024x274.webp 1024w, https:\/\/deev.pe\/wp-content\/uploads\/2025\/01\/logo-cierre-de-minas-300x80.webp 300w, https:\/\/deev.pe\/wp-content\/uploads\/2025\/01\/logo-cierre-de-minas-768x205.webp 768w, https:\/\/deev.pe\/wp-content\/uploads\/2025\/01\/logo-cierre-de-minas-18x5.webp 18w, https:\/\/deev.pe\/wp-content\/uploads\/2025\/01\/logo-cierre-de-minas-600x160.webp 600w, https:\/\/deev.pe\/wp-content\/uploads\/2025\/01\/logo-cierre-de-minas.webp 1496w\" sizes=\"(max-width: 1024px) 100vw, 1024px\" \/>\t\t\t\t\t\t\t\t\t\t\t\t\t\t\t<\/div>\n\t\t\t\t<\/div>\n\t\t\t\t<div class=\"elementor-element elementor-element-4cd14af elementor-widget elementor-widget-image\" data-id=\"4cd14af\" data-element_type=\"widget\" data-e-type=\"widget\" data-widget_type=\"image.default\">\n\t\t\t\t<div class=\"elementor-widget-container\">\n\t\t\t\t\t\t\t\t\t\t\t\t\t\t\t<img decoding=\"async\" width=\"672\" height=\"147\" src=\"https:\/\/deev.pe\/wp-content\/uploads\/2024\/11\/CIERRE2.png\" class=\"attachment-large size-large wp-image-22277\" alt=\"\" srcset=\"https:\/\/deev.pe\/wp-content\/uploads\/2024\/11\/CIERRE2.png 672w, https:\/\/deev.pe\/wp-content\/uploads\/2024\/11\/CIERRE2-300x66.png 300w, https:\/\/deev.pe\/wp-content\/uploads\/2024\/11\/CIERRE2-18x4.png 18w, https:\/\/deev.pe\/wp-content\/uploads\/2024\/11\/CIERRE2-600x131.png 600w\" sizes=\"(max-width: 672px) 100vw, 672px\" \/>\t\t\t\t\t\t\t\t\t\t\t\t\t\t\t<\/div>\n\t\t\t\t<\/div>\n\t\t\t\t\t<\/div>\n\t\t\t\t<\/header>\n\t\t<div class=\"elementor-element elementor-element-b4c1cec e-flex e-con-boxed e-con e-parent\" data-id=\"b4c1cec\" data-element_type=\"container\" data-e-type=\"container\">\n\t\t\t\t\t<div class=\"e-con-inner\">\n\t\t\t\t<div class=\"elementor-element elementor-element-f9845e9 elementor-widget elementor-widget-shortcode\" data-id=\"f9845e9\" data-element_type=\"widget\" data-e-type=\"widget\" data-widget_type=\"shortcode.default\">\n\t\t\t\t<div class=\"elementor-widget-container\">\n\t\t\t\t\t\t\t<div class=\"elementor-shortcode\"><table id=\"dlp_677ae07d18725549_1\" class=\"posts-data-table\" width=\"100%\" data-config=\"{&quot;pageLength&quot;:25,&quot;pagingType&quot;:&quot;numbers&quot;,&quot;serverSide&quot;:false,&quot;autoWidth&quot;:true,&quot;clickFilter&quot;:&quot;1&quot;,&quot;scrollOffset&quot;:15,&quot;resetButton&quot;:true,&quot;lengthMenu&quot;:[[10,25,50,100,-1],[10,25,50,100,&quot;All&quot;]],&quot;columnDefs&quot;:[{&quot;className&quot;:&quot;col-title&quot;,&quot;targets&quot;:0},{&quot;className&quot;:&quot;col-doc_author&quot;,&quot;targets&quot;:1},{&quot;className&quot;:&quot;col-empresa&quot;,&quot;targets&quot;:2},{&quot;className&quot;:&quot;col-cargo&quot;,&quot;targets&quot;:3},{&quot;className&quot;:&quot;col-link&quot;,&quot;targets&quot;:4}],&quot;responsive&quot;:{&quot;details&quot;:{&quot;display&quot;:&quot;child_row&quot;}},&quot;language&quot;:{&quot;info&quot;:&quot;_TOTAL_ documents&quot;,&quot;infoEmpty&quot;:&quot;0 documents&quot;,&quot;emptyTable&quot;:&quot;No matching documents.&quot;,&quot;zeroRecords&quot;:&quot;No matching documents.&quot;,&quot;totalsSingle&quot;:&quot;document&quot;,&quot;totalsPlural&quot;:&quot;documents&quot;},&quot;dom&quot;:&quot;&lt;\\&quot;posts-table-wrapper em4u\\&quot;&lt;\\&quot;posts-table-above posts-table-controls\\&quot;f&gt;t&lt;\\&quot;posts-table-below posts-table-controls\\&quot;lip&gt;&gt;&quot;,&quot;multiDownloadButton&quot;:false,&quot;multiDownloadPosition&quot;:&quot;above&quot;,&quot;multiDownloadText&quot;:&quot;Download Selected Documents&quot;}\" data-filters=\"false\" data-order=\"[]\"><thead><tr><th class=\"all\" data-name=\"title\" data-orderable=\"true\" data-searchable=\"true\" data-priority=\"1\">Titulo<\/th><th data-name=\"doc_author\" data-orderable=\"true\" data-searchable=\"true\" data-priority=\"10\">Autor<\/th><th data-name=\"cf_empresa\" data-orderable=\"true\" data-searchable=\"true\">Empresa<\/th><th data-name=\"cf_cargo\" data-orderable=\"true\" data-searchable=\"true\">Cargo<\/th><th data-name=\"link\" data-orderable=\"false\" data-searchable=\"false\" data-priority=\"10\">Link<\/th><\/tr><\/thead><tbody><tr id=\"post-row-30501\" class=\"post-row post-type-dlp_document dlp_document-30501 publish\"><td>Tecnosoles como alternativa circular para el cierre final de dep\u00f3sitos de desmonte: evaluaci\u00f3n comparativa y optimizaci\u00f3n de coberturas en miner\u00eda<\/td><td><span data-slug=\"francisco-rolando-quevedo-gonzales\">Francisco Rolando Quevedo Gonzales<\/span><\/td><td>Zijin La Arena<\/td><td>Superintendente de Gesti\u00f3n Ambiental<\/td><td><div class=\"dlp-table-document-link-wrap\"><a href=\"https:\/\/deev.pe\/wp-content\/uploads\/2026\/04\/Casos-Destacados_Zijin-La-Arena_Francisco-Quevedo.pdf\" class=\"dlp-download-link dlp-download-button document-library-pro-button button btn\" data-download-id=\"30501\"  download=\"Casos-Destacados_Zijin-La-Arena_Francisco-Quevedo.pdf\" type=\"application\/pdf\">Descargar<\/a><\/div><\/td><\/tr><tr id=\"post-row-30499\" class=\"post-row post-type-dlp_document dlp_document-30499 publish\"><td>Disminuci\u00f3n de la huella ambiental mediante el re\u00faso del Tajo Chalarina como backfill<\/td><td><span data-slug=\"javier-raul-condor-huaman\">Javier Ra\u00fal C\u00f3ndor Huam\u00e1n<\/span><\/td><td>Shahuindo<\/td><td>Superintendente de Permisos<\/td><td><div class=\"dlp-table-document-link-wrap\"><a href=\"https:\/\/deev.pe\/wp-content\/uploads\/2026\/04\/Casos-Destacados_Shahuindo_Javier-Condor.pdf\" class=\"dlp-download-link dlp-download-button document-library-pro-button button btn\" data-download-id=\"30499\"  download=\"Casos-Destacados_Shahuindo_Javier-Condor.pdf\" type=\"application\/pdf\">Descargar<\/a><\/div><\/td><\/tr><tr id=\"post-row-30444\" class=\"post-row post-type-dlp_document dlp_document-30444 publish\"><td>Digitalizaci\u00f3n y Est\u00e1ndares Internacionales en el Cierre de Minas: Alineamiento T\u00e9cnico con ICMM\/GISTM bajo Miner\u00eda 5.0 en el Per\u00fa<\/td><td><span data-slug=\"yannick-patrick-carrasco-merma\">Yannick Patrick Carrasco Merma<\/span><\/td><td>Pontificia Universidad Cat\u00f3lica del Per\u00fa<\/td><td>Docente Investigador<\/td><td><div class=\"dlp-table-document-link-wrap\"><a href=\"https:\/\/deev.pe\/wp-content\/uploads\/2026\/04\/Casos-Destacados_PUCP_Yannick-Carrasco.pdf\" class=\"dlp-download-link dlp-download-button document-library-pro-button button btn\" data-download-id=\"30444\"  download=\"Casos-Destacados_PUCP_Yannick-Carrasco.pdf\" type=\"application\/pdf\">Descargar<\/a><\/div><\/td><\/tr><tr id=\"post-row-30436\" class=\"post-row post-type-dlp_document dlp_document-30436 publish\"><td>Biorremediaci\u00f3n del suelo con acidez y metales pesados (As, Cd) en un ecosistema altoandino con influencia minera mediante biochar de esti\u00e9rcol de cuy y consorcios microbianos<\/td><td><span data-slug=\"richard-andi-solorzano-acosta\">Richard Andi Sol\u00f3rzano Acosta<\/span><\/td><td>Instituto Nacional de Innovaci\u00f3n Agraria<\/td><td>Coordinador de Investigaci\u00f3n \u2013 Proyecto Suelos<\/td><td><div class=\"dlp-table-document-link-wrap\"><a href=\"https:\/\/deev.pe\/wp-content\/uploads\/2026\/04\/Casos-Destacados_INIA_Andi-Solorzano.pdf\" class=\"dlp-download-link dlp-download-button document-library-pro-button button btn\" data-download-id=\"30436\"  download=\"Casos-Destacados_INIA_Andi-Solorzano.pdf\" type=\"application\/pdf\">Descargar<\/a><\/div><\/td><\/tr><tr id=\"post-row-30434\" class=\"post-row post-type-dlp_document dlp_document-30434 publish\"><td>Consideraciones geot\u00e9cnicas para el dise\u00f1o de cierre de un dep\u00f3sito de relaves inactivo construido mediante el m\u00e9todo aguas arriba<\/td><td><span data-slug=\"luis-felipe-rojas-gomez\">Luis Felipe Rojas Gomez<\/span><\/td><td>ANDDES PER\u00da<\/td><td>Ingeniero Geot\u00e9cnico<\/td><td><div class=\"dlp-table-document-link-wrap\"><a href=\"https:\/\/deev.pe\/wp-content\/uploads\/2026\/04\/Casos-Destacados_Anddes_Felipe-Rojas.pdf\" class=\"dlp-download-link dlp-download-button document-library-pro-button button btn\" data-download-id=\"30434\"  download=\"Casos-Destacados_Anddes_Felipe-Rojas.pdf\" type=\"application\/pdf\">Descargar<\/a><\/div><\/td><\/tr><tr id=\"post-row-28780\" class=\"post-row post-type-dlp_document dlp_document-28780 publish\"><td>An\u00e1lisis integrado de datos InSAR y geot\u00e9cnicos para la detecci\u00f3n de movimientos y filtraciones en pilas de lixiviaci\u00f3n.<\/td><td><span data-slug=\"jose-luis-ramirez\">Jose Luis Ram\u00edrez<\/span>, <span data-slug=\"pol-fornes\">Pol Fornes<\/span><\/td><td>INERSIA<\/td><td>Gerente General Per\u00fa, Managing Director<\/td><td><div class=\"dlp-table-document-link-wrap\"><a href=\"https:\/\/deev.pe\/wp-content\/uploads\/2025\/11\/Inersia-Pol-Fornes-y-Jose-Luis-Ramirez-Casos-Destacados.docx\" class=\"dlp-download-link dlp-download-button document-library-pro-button button btn\" data-download-id=\"28780\"  download=\"Inersia-Pol-Fornes-y-Jose-Luis-Ramirez-Casos-Destacados.docx\" type=\"application\/vnd.openxmlformats-officedocument.wordprocessingml.document\">Descargar<\/a><\/div><\/td><\/tr><tr id=\"post-row-28732\" class=\"post-row post-type-dlp_document dlp_document-28732 publish\"><td>Experiencias en el cambio del sistema de manejo de relaves convencional a relaves filtrados a m\u00e1s de 4000 msnm en la regi\u00f3n Puno &#8211; Per\u00fa.<\/td><td><span data-slug=\"erick-elvis-diaz-moscoso\">Erick Elvis Diaz Moscoso<\/span><\/td><td>CORI PUNO<\/td><td>Jefe de Medio Ambiente<\/td><td><div class=\"dlp-table-document-link-wrap\"><a href=\"https:\/\/deev.pe\/wp-content\/uploads\/2025\/11\/Cori-Puno-Erick-Diaz-Casos-Destacados.pdf\" class=\"dlp-download-link dlp-download-button document-library-pro-button button btn\" data-download-id=\"28732\"  download=\"Cori-Puno-Erick-Diaz-Casos-Destacados.pdf\" type=\"application\/pdf\">Descargar<\/a><\/div><\/td><\/tr><tr id=\"post-row-28730\" class=\"post-row post-type-dlp_document dlp_document-28730 publish\"><td>Optimizaci\u00f3n del reaprovechamiento de relaves de oro mediante un sistema de dragado personalizado<\/td><td><span data-slug=\"alfredo-ranaldi\">Alfredo Ranaldi<\/span><\/td><td>DRAGFLOW<\/td><td>Sales Manager<\/td><td><div class=\"dlp-table-document-link-wrap\"><a href=\"https:\/\/deev.pe\/wp-content\/uploads\/2025\/11\/Dragflow-Alfredo-Ranaldi-Casos-Destacados.pdf\" class=\"dlp-download-link dlp-download-button document-library-pro-button button btn\" data-download-id=\"28730\"  download=\"Dragflow-Alfredo-Ranaldi-Casos-Destacados.pdf\" type=\"application\/pdf\">Descargar<\/a><\/div><\/td><\/tr><tr id=\"post-row-28725\" class=\"post-row post-type-dlp_document dlp_document-28725 publish\"><td>Difusi\u00f3n del PPRE SAT de Volcan<\/td><td><span data-slug=\"manuel-bravo\">Manuel Bravo<\/span><\/td><td>RAPID LA<\/td><td>Project Manager<\/td><td><div class=\"dlp-table-document-link-wrap\"><a href=\"https:\/\/deev.pe\/wp-content\/uploads\/2025\/11\/Rapid-LA-Manuel-Bravo-Casos-Destacados.pdf\" class=\"dlp-download-link dlp-download-button document-library-pro-button button btn\" data-download-id=\"28725\"  download=\"Rapid-LA-Manuel-Bravo-Casos-Destacados.pdf\" type=\"application\/pdf\">Descargar<\/a><\/div><\/td><\/tr><tr id=\"post-row-28711\" class=\"post-row post-type-dlp_document dlp_document-28711 publish\"><td>Marco regulatorio para la gesti\u00f3n de relaves en el Per\u00fa: Evaluaci\u00f3n y propuestas de mejora.<\/td><td><span data-slug=\"antony-gregorio-aguedo-asencios\">Antony Gregorio Aguedo Asencios<\/span><\/td><td>COMPA\u00d1\u00cdA MINERA PODEROSA<\/td><td>Ingeniero de proyectos y dep\u00f3sitos mineros<\/td><td><div class=\"dlp-table-document-link-wrap\"><a href=\"https:\/\/deev.pe\/wp-content\/uploads\/2025\/11\/Poderosa-Antony-Aguedo-Casos-Destacados.pdf\" class=\"dlp-download-link dlp-download-button document-library-pro-button button btn\" data-download-id=\"28711\"  download=\"Poderosa-Antony-Aguedo-Casos-Destacados.pdf\" type=\"application\/pdf\">Descargar<\/a><\/div><\/td><\/tr><tr id=\"post-row-28709\" class=\"post-row post-type-dlp_document dlp_document-28709 publish\"><td>Filter Fabric Performance in Tailings Filtration: The Role of Composition and Mineralogy.<\/td><td><span data-slug=\"gabriela-couto\">Gabriela Couto<\/span><\/td><td>VALMET<\/td><td>Product Engineer - Press Filter - South America<\/td><td><div class=\"dlp-table-document-link-wrap\"><a href=\"https:\/\/deev.pe\/wp-content\/uploads\/2025\/11\/Valmet-Gabriela-Couto-Casos-Destacados.pdf\" class=\"dlp-download-link dlp-download-button document-library-pro-button button btn\" data-download-id=\"28709\"  download=\"Valmet-Gabriela-Couto-Casos-Destacados.pdf\" type=\"application\/pdf\">Descargar<\/a><\/div><\/td><\/tr><tr id=\"post-row-28628\" class=\"post-row post-type-dlp_document dlp_document-28628 publish\"><td>Difusi\u00f3n del PPRE SAT de Volcan.<\/td><td><span data-slug=\"manuel-bravo\">Manuel Bravo<\/span><\/td><td>RAPID LA<\/td><td>Project Manager<\/td><td><div class=\"dlp-table-document-link-wrap\"><a href=\"https:\/\/deev.pe\/wp-content\/uploads\/2025\/10\/Rapid-LA-Manuel-Bravo-Casos-Destacados.docx\" class=\"dlp-download-link dlp-download-button document-library-pro-button button btn\" data-download-id=\"28628\"  download=\"Rapid-LA-Manuel-Bravo-Casos-Destacados.docx\" type=\"application\/vnd.openxmlformats-officedocument.wordprocessingml.document\">Descargar<\/a><\/div><\/td><\/tr><tr id=\"post-row-24750\" class=\"post-row post-type-dlp_document dlp_document-24750 publish\"><td>Evaluaci\u00f3n de las condiciones de estabilidad f\u00edsica de coberturas de cierre con geosint\u00e9ticos<\/td><td><span data-slug=\"denys-parra-murrugarra\">Denys Parra Murrugarra<\/span>, <span data-slug=\"diego-f-pacheco-contreras\">Diego F. Pacheco Contreras<\/span>, <span data-slug=\"elard-r-quispe-astete\">Elard R. Quispe Astete<\/span>, <span data-slug=\"waldo-huallanca-carbajal\">Waldo Huallanca Carbajal<\/span><\/td><td>ANDDES<\/td><td>INGENIERO GEOT\u00c9CNICO<\/td><td><div class=\"dlp-table-document-link-wrap\"><a href=\"https:\/\/deev.pe\/wp-content\/uploads\/2025\/03\/Elard-Quispe-ANDDES.pdf\" class=\"dlp-download-link dlp-download-button document-library-pro-button button btn\" data-download-id=\"24750\"  download=\"Elard-Quispe-ANDDES.pdf\" type=\"application\/pdf\">Descargar<\/a><\/div><\/td><\/tr><\/tbody><\/table><\/div>\n\t\t\t\t\t\t<\/div>\n\t\t\t\t<\/div>\n\t\t\t\t\t<\/div>\n\t\t\t\t<\/div>\n\t\t\t\t<section class=\"elementor-section elementor-top-section elementor-element elementor-element-653c6d1 elementor-section-full_width elementor-section-height-default elementor-section-height-default\" data-id=\"653c6d1\" data-element_type=\"section\" data-e-type=\"section\" data-settings=\"{&quot;background_background&quot;:&quot;classic&quot;,&quot;sticky&quot;:&quot;bottom&quot;,&quot;sticky_on&quot;:[&quot;desktop&quot;,&quot;tablet&quot;,&quot;mobile&quot;],&quot;sticky_offset&quot;:0,&quot;sticky_effects_offset&quot;:0,&quot;sticky_anchor_link_offset&quot;:0}\">\n\t\t\t\t\t\t<div class=\"elementor-container elementor-column-gap-default\">\n\t\t\t\t\t<div class=\"elementor-column elementor-col-100 elementor-top-column elementor-element elementor-element-22ecc03\" data-id=\"22ecc03\" data-element_type=\"column\" data-e-type=\"column\" data-settings=\"{&quot;background_background&quot;:&quot;classic&quot;}\">\n\t\t\t<div class=\"elementor-widget-wrap elementor-element-populated\">\n\t\t\t\t\t\t\t<\/div>\n\t\t<\/div>\n\t\t\t\t\t<\/div>\n\t\t<\/section>\n\t\t\t\t<\/div>","protected":false},"excerpt":{"rendered":"","protected":false},"author":1,"featured_media":0,"parent":22274,"menu_order":0,"comment_status":"closed","ping_status":"closed","template":"elementor_header_footer","meta":{"_acf_changed":false,"footnotes":""},"class_list":["post-24738","page","type-page","status-publish","hentry"],"acf":[],"_links":{"self":[{"href":"https:\/\/deev.pe\/en\/wp-json\/wp\/v2\/pages\/24738","targetHints":{"allow":["GET"]}}],"collection":[{"href":"https:\/\/deev.pe\/en\/wp-json\/wp\/v2\/pages"}],"about":[{"href":"https:\/\/deev.pe\/en\/wp-json\/wp\/v2\/types\/page"}],"author":[{"embeddable":true,"href":"https:\/\/deev.pe\/en\/wp-json\/wp\/v2\/users\/1"}],"replies":[{"embeddable":true,"href":"https:\/\/deev.pe\/en\/wp-json\/wp\/v2\/comments?post=24738"}],"version-history":[{"count":0,"href":"https:\/\/deev.pe\/en\/wp-json\/wp\/v2\/pages\/24738\/revisions"}],"up":[{"embeddable":true,"href":"https:\/\/deev.pe\/en\/wp-json\/wp\/v2\/pages\/22274"}],"wp:attachment":[{"href":"https:\/\/deev.pe\/en\/wp-json\/wp\/v2\/media?parent=24738"}],"curies":[{"name":"wp","href":"https:\/\/api.w.org\/{rel}","templated":true}]}}