{"id":24746,"date":"2025-03-20T13:50:36","date_gmt":"2025-03-20T18:50:36","guid":{"rendered":"https:\/\/deev.pe\/document-library\/"},"modified":"2025-03-20T15:24:06","modified_gmt":"2025-03-20T20:24:06","slug":"document-library","status":"publish","type":"page","link":"https:\/\/deev.pe\/en\/document-library\/","title":{"rendered":"Document Library"},"content":{"rendered":"<table id=\"dlp_1f7916b341548f34_1\" class=\"posts-data-table\" width=\"100%\" data-config=\"{&quot;pageLength&quot;:25,&quot;pagingType&quot;:&quot;numbers&quot;,&quot;serverSide&quot;:false,&quot;autoWidth&quot;:true,&quot;clickFilter&quot;:&quot;1&quot;,&quot;scrollOffset&quot;:15,&quot;resetButton&quot;:true,&quot;lengthMenu&quot;:[[10,25,50,100,-1],[10,25,50,100,&quot;All&quot;]],&quot;columnDefs&quot;:[{&quot;className&quot;:&quot;col-title&quot;,&quot;targets&quot;:0},{&quot;className&quot;:&quot;col-excerpt&quot;,&quot;targets&quot;:1},{&quot;className&quot;:&quot;col-doc_categories&quot;,&quot;targets&quot;:2},{&quot;className&quot;:&quot;col-link&quot;,&quot;targets&quot;:3}],&quot;responsive&quot;:{&quot;details&quot;:{&quot;display&quot;:&quot;child_row&quot;}},&quot;language&quot;:{&quot;info&quot;:&quot;_TOTAL_ documents&quot;,&quot;infoEmpty&quot;:&quot;0 documents&quot;,&quot;emptyTable&quot;:&quot;No matching documents.&quot;,&quot;zeroRecords&quot;:&quot;No matching documents.&quot;,&quot;totalsSingle&quot;:&quot;document&quot;,&quot;totalsPlural&quot;:&quot;documents&quot;},&quot;dom&quot;:&quot;&lt;\\&quot;posts-table-wrapper em4u\\&quot;&lt;\\&quot;posts-table-above posts-table-controls\\&quot;f&gt;t&lt;\\&quot;posts-table-below posts-table-controls\\&quot;lip&gt;&gt;&quot;,&quot;multiDownloadButton&quot;:false,&quot;multiDownloadPosition&quot;:&quot;above&quot;,&quot;multiDownloadText&quot;:&quot;Download Selected Documents&quot;}\" data-filters=\"false\" data-order=\"[]\"><thead><tr><th class=\"all\" data-name=\"title\" data-orderable=\"true\" data-searchable=\"true\" data-priority=\"1\">Title<\/th><th data-name=\"excerpt\" data-orderable=\"true\" data-searchable=\"true\" data-priority=\"4\">Summary<\/th><th data-name=\"doc_categories\" data-orderable=\"true\" data-searchable=\"true\" data-priority=\"6\">Categories<\/th><th data-name=\"link\" data-orderable=\"false\" data-searchable=\"false\" data-priority=\"10\">Link<\/th><\/tr><\/thead><tbody><tr id=\"post-row-30444\" class=\"post-row post-type-dlp_document dlp_document-30444 publish\"><td>Casos Destacados PUCP Yannick Carrascos<\/td><td><p> &hellip;<\/p>\n<\/td><td><a href=\"https:\/\/deev.pe\/en\/document-category\/cm-casos-destacados\/\" data-column=\"doc_categories\" rel=\"tag\"><span data-slug=\"cm-casos-destacados\">cm-casos-destacados<\/span><\/a><\/td><td><div class=\"dlp-table-document-link-wrap\"><a href=\"https:\/\/deev.pe\/wp-content\/uploads\/2026\/04\/Casos-Destacados_PUCP_Yannick-Carrasco.pdf\" class=\"dlp-download-link dlp-download-button document-library-pro-button button btn\" data-download-id=\"30444\"  download=\"Casos-Destacados_PUCP_Yannick-Carrasco.pdf\" type=\"application\/pdf\">Descargar<\/a><\/div><\/td><\/tr><tr id=\"post-row-30436\" class=\"post-row post-type-dlp_document dlp_document-30436 publish\"><td>Casos Destacados INIA Andi Sol\u00f3rzano<\/td><td><p> &hellip;<\/p>\n<\/td><td><a href=\"https:\/\/deev.pe\/en\/document-category\/cm-casos-destacados\/\" data-column=\"doc_categories\" rel=\"tag\"><span data-slug=\"cm-casos-destacados\">cm-casos-destacados<\/span><\/a><\/td><td><div class=\"dlp-table-document-link-wrap\"><a href=\"https:\/\/deev.pe\/wp-content\/uploads\/2026\/04\/Casos-Destacados_INIA_Andi-Solorzano.pdf\" class=\"dlp-download-link dlp-download-button document-library-pro-button button btn\" data-download-id=\"30436\"  download=\"Casos-Destacados_INIA_Andi-Solorzano.pdf\" type=\"application\/pdf\">Descargar<\/a><\/div><\/td><\/tr><tr id=\"post-row-30434\" class=\"post-row post-type-dlp_document dlp_document-30434 publish\"><td>Casos Destacados Anddes Felipe Rojas<\/td><td><p> &hellip;<\/p>\n<\/td><td><a href=\"https:\/\/deev.pe\/en\/document-category\/cm-casos-destacados\/\" data-column=\"doc_categories\" rel=\"tag\"><span data-slug=\"cm-casos-destacados\">cm-casos-destacados<\/span><\/a><\/td><td><div class=\"dlp-table-document-link-wrap\"><a href=\"https:\/\/deev.pe\/wp-content\/uploads\/2026\/04\/Casos-Destacados_Anddes_Felipe-Rojas.pdf\" class=\"dlp-download-link dlp-download-button document-library-pro-button button btn\" data-download-id=\"30434\"  download=\"Casos-Destacados_Anddes_Felipe-Rojas.pdf\" type=\"application\/pdf\">Descargar<\/a><\/div><\/td><\/tr><tr id=\"post-row-28780\" class=\"post-row post-type-dlp_document dlp_document-28780 publish\"><td>An\u00e1lisis integrado de datos InSAR y geot\u00e9cnicos para la detecci\u00f3n de movimientos y filtraciones en pilas de lixiviaci\u00f3n.<\/td><td><p>El estudio presenta la aplicaci\u00f3n de im\u00e1genes satelitales InSAR junto con el monitoreo automatizado (GEOMOS) y la instrumentaci\u00f3n convencional para el control geot\u00e9cnico en la UM Utunsa. Estas tecnolog\u00edas permitieron identificar deformaciones cr\u00edticas en el Pad de Lixiviaci\u00f3n y pozas, anticipando riesgos de falla. La integraci\u00f3n de datos satelitales, rob\u00f3ticos y de campo mejor\u00f3 la precisi\u00f3n y predicci\u00f3n de eventos geot\u00e9cnicos. En conclusi\u00f3n, el uso combinado de InSAR y monitoreo automatizado refuerza la seguridad y gesti\u00f3n preventiva en infraestructuras &hellip;<\/p>\n<\/td><td><a href=\"https:\/\/deev.pe\/en\/document-category\/relaves-casos-destacados\/\" data-column=\"doc_categories\" rel=\"tag\"><span data-slug=\"relaves-casos-destacados\">relaves-casos-destacados<\/span><\/a><\/td><td><div class=\"dlp-table-document-link-wrap\"><a href=\"https:\/\/deev.pe\/wp-content\/uploads\/2025\/11\/Inersia-Pol-Fornes-y-Jose-Luis-Ramirez-Casos-Destacados.docx\" class=\"dlp-download-link dlp-download-button document-library-pro-button button btn\" data-download-id=\"28780\"  download=\"Inersia-Pol-Fornes-y-Jose-Luis-Ramirez-Casos-Destacados.docx\" type=\"application\/vnd.openxmlformats-officedocument.wordprocessingml.document\">Descargar<\/a><\/div><\/td><\/tr><tr id=\"post-row-28732\" class=\"post-row post-type-dlp_document dlp_document-28732 publish\"><td>Experiencias en el cambio del sistema de manejo de relaves convencional a relaves filtrados a m\u00e1s de 4000 msnm en la regi\u00f3n Puno &#8211; Per\u00fa.<\/td><td><p>El presente trabajo aborda la implementaci\u00f3n de la Planta de Filtrado de Relaves Untuca, la caracterizaci\u00f3n geot\u00e9cnica y el an\u00e1lisis de estabilidad f\u00edsica del dep\u00f3sito de relaves filtrados Untuca, ubicado en la provincia de Sandia, regi\u00f3n Puno, Per\u00fa. El estudio, desarrollado conforme al D.S. N.\u00ba 034-2023-EM, integra la evaluaci\u00f3n de los m\u00e9todos de construcci\u00f3n de presas de relaves y los mecanismos de falla asociados a cada uno, destacando las ventajas t\u00e9cnicas del sistema de relaves filtrados frente a los m\u00e9todos tradicionales. Adem\u00e1s, el manejo de las aguas producto de la filtraci\u00f3n de los relaves, los cuales son reutilizados en la Planta &hellip;<\/p>\n<\/td><td><a href=\"https:\/\/deev.pe\/en\/document-category\/relaves-casos-destacados\/\" data-column=\"doc_categories\" rel=\"tag\"><span data-slug=\"relaves-casos-destacados\">relaves-casos-destacados<\/span><\/a><\/td><td><div class=\"dlp-table-document-link-wrap\"><a href=\"https:\/\/deev.pe\/wp-content\/uploads\/2025\/11\/Cori-Puno-Erick-Diaz-Casos-Destacados.pdf\" class=\"dlp-download-link dlp-download-button document-library-pro-button button btn\" data-download-id=\"28732\"  download=\"Cori-Puno-Erick-Diaz-Casos-Destacados.pdf\" type=\"application\/pdf\">Descargar<\/a><\/div><\/td><\/tr><tr id=\"post-row-28730\" class=\"post-row post-type-dlp_document dlp_document-28730 publish\"><td>Optimizaci\u00f3n del reaprovechamiento de relaves de oro mediante un sistema de dragado personalizado<\/td><td><p>Este trabajo describe un sistema de dragado dise\u00f1ado para reprocesar relaves de oro finos y altamente abrasivos, combinando una plataforma autopropulsada con bomba de dragado Dragflow equipada con cortadores y jets de agua, m\u00e1s una bomba auxiliar que ajusta la diluci\u00f3n seg\u00fan la densidad en l\u00ednea. La alta productividad permite estabilizar el r\u00e9gimen de transporte en la tuber\u00eda y sostener el caudal y la concentraci\u00f3n objetivo, reduciendo obstrucciones y variabilidad hacia la planta. La mantenibilidad a bordo mediante gr\u00faa central y la selecci\u00f3n de aleaciones alto-cromo templadas alargan la vida de los componentes cr\u00edticos, disminuyen las paradas y recortan significativamente el costo por tonelada bombeada, optimizando la productividad y aportando beneficios tangibles a la gesti\u00f3n integral del dep\u00f3sito de &hellip;<\/p>\n<\/td><td><a href=\"https:\/\/deev.pe\/en\/document-category\/relaves-casos-destacados\/\" data-column=\"doc_categories\" rel=\"tag\"><span data-slug=\"relaves-casos-destacados\">relaves-casos-destacados<\/span><\/a><\/td><td><div class=\"dlp-table-document-link-wrap\"><a href=\"https:\/\/deev.pe\/wp-content\/uploads\/2025\/11\/Dragflow-Alfredo-Ranaldi-Casos-Destacados.pdf\" class=\"dlp-download-link dlp-download-button document-library-pro-button button btn\" data-download-id=\"28730\"  download=\"Dragflow-Alfredo-Ranaldi-Casos-Destacados.pdf\" type=\"application\/pdf\">Descargar<\/a><\/div><\/td><\/tr><tr id=\"post-row-28725\" class=\"post-row post-type-dlp_document dlp_document-28725 publish\"><td>Difusi\u00f3n del PPRE SAT de Volcan<\/td><td><p>En los \u00faltimos 4 a\u00f1os, se ha implementado el Sistema de Alerta Temprana del Plan de Preparaci\u00f3n y Respuesta a Emergencias frente a un posible fallo de presa de relave en las comunidades dentro de la zona de influencia de Volcan Compa\u00f1\u00eda Minera, con el soporte de RAPID LA, como parte del cumplimiento del GISTM promovido por el ICMM, impulsada por la Oficina de las Naciones Unidas para la Reducci\u00f3n del Riesgo de Desastres y el DS N\u00b0 034 \u2013 2023 EM. El \u00e9xito de este compromiso social radica en la articulaci\u00f3n s\u00f3lida y sostenible entre autoridades locales, poblaci\u00f3n y sector privado, alineado con los Objetivos de Desarrollo Sostenible y el Marco de Sendai. Los resultados han permitido contar con alrededor de 10 000 personas concientizadas, arriba de 200 brigadistas comunitarios equipados y poblaci\u00f3n sensibilizada acerca de la importancia de la reducci\u00f3n de riesgos. Todo ello con el objetivo de lograr una mayor resiliencia comunitaria as\u00ed como una miner\u00eda responsable y &hellip;<\/p>\n<\/td><td><a href=\"https:\/\/deev.pe\/en\/document-category\/relaves-casos-destacados\/\" data-column=\"doc_categories\" rel=\"tag\"><span data-slug=\"relaves-casos-destacados\">relaves-casos-destacados<\/span><\/a><\/td><td><div class=\"dlp-table-document-link-wrap\"><a href=\"https:\/\/deev.pe\/wp-content\/uploads\/2025\/11\/Rapid-LA-Manuel-Bravo-Casos-Destacados.pdf\" class=\"dlp-download-link dlp-download-button document-library-pro-button button btn\" data-download-id=\"28725\"  download=\"Rapid-LA-Manuel-Bravo-Casos-Destacados.pdf\" type=\"application\/pdf\">Descargar<\/a><\/div><\/td><\/tr><tr id=\"post-row-28711\" class=\"post-row post-type-dlp_document dlp_document-28711 publish\"><td>Marco regulatorio para la gesti\u00f3n de relaves en el Per\u00fa: Evaluaci\u00f3n y propuestas de mejora.<\/td><td><p>La gesti\u00f3n de relaves mineros en Per\u00fa presenta deficiencias cr\u00edticas en su marco regulatorio fragmentado, con vac\u00edos normativos, fiscalizaci\u00f3n insuficiente (especialmente en peque\u00f1a miner\u00eda) y falta de alineaci\u00f3n con est\u00e1ndares internacionales como el GISTM. Se requiere una ley espec\u00edfica que incorpore requisitos t\u00e9cnicos precisos, auditor\u00edas independientes, tecnolog\u00edas avanzadas de monitoreo en tiempo real y clasificaci\u00f3n por riesgo de instalaciones. Las propuestas incluyen fortalecer capacidades institucionales del OEFA\/MINEM, implementar tecnolog\u00edas sostenibles como relaves filtrados, promover participaci\u00f3n comunitaria y establecer cooperaci\u00f3n internacional con pa\u00edses l\u00edderes. Estos cambios son urgentes dado el alto riesgo s\u00edsmico del pa\u00eds y la necesidad de prevenir fallas geot\u00e9cnicas mediante gesti\u00f3n integral del ciclo de vida de dep\u00f3sitos de &hellip;<\/p>\n<\/td><td><a href=\"https:\/\/deev.pe\/en\/document-category\/relaves-casos-destacados\/\" data-column=\"doc_categories\" rel=\"tag\"><span data-slug=\"relaves-casos-destacados\">relaves-casos-destacados<\/span><\/a><\/td><td><div class=\"dlp-table-document-link-wrap\"><a href=\"https:\/\/deev.pe\/wp-content\/uploads\/2025\/11\/Poderosa-Antony-Aguedo-Casos-Destacados.pdf\" class=\"dlp-download-link dlp-download-button document-library-pro-button button btn\" data-download-id=\"28711\"  download=\"Poderosa-Antony-Aguedo-Casos-Destacados.pdf\" type=\"application\/pdf\">Descargar<\/a><\/div><\/td><\/tr><tr id=\"post-row-28709\" class=\"post-row post-type-dlp_document dlp_document-28709 publish\"><td>Filter Fabric Performance in Tailings Filtration: The Role of Composition and Mineralogy.<\/td><td><p>Efficient filtration of tailings is essential for dry stacking and water recovery, but slurry variability, especially in particle size and mineral composition, can impact filter performance and cloth durability. In partnership with an iron ore mining company in Brazil, Valmet analyzed tailings samples collected during periods of reduced filtration efficiency. The study found that slurries rich in alumina and micaceous minerals tend to retain more moisture and clog filter fabrics, reducing cake permeability. These findings reinforce the importance of selecting filter fabrics based on the specific mineralogical and morphological characteristics of the slurry to improve performance and support dry stacking &hellip;<\/p>\n<\/td><td><a href=\"https:\/\/deev.pe\/en\/document-category\/relaves-casos-destacados\/\" data-column=\"doc_categories\" rel=\"tag\"><span data-slug=\"relaves-casos-destacados\">relaves-casos-destacados<\/span><\/a><\/td><td><div class=\"dlp-table-document-link-wrap\"><a href=\"https:\/\/deev.pe\/wp-content\/uploads\/2025\/11\/Valmet-Gabriela-Couto-Casos-Destacados.pdf\" class=\"dlp-download-link dlp-download-button document-library-pro-button button btn\" data-download-id=\"28709\"  download=\"Valmet-Gabriela-Couto-Casos-Destacados.pdf\" type=\"application\/pdf\">Descargar<\/a><\/div><\/td><\/tr><tr id=\"post-row-28628\" class=\"post-row post-type-dlp_document dlp_document-28628 publish\"><td>Difusi\u00f3n del PPRE SAT de Volcan.<\/td><td><p>\u00abEn los \u00faltimos 4 a\u00f1os, se ha implementado el Sistema de Alerta Temprana del Plan de Preparaci\u00f3n y Respuesta a Emergencias frente a un posible fallo de presa de relave en las comunidades dentro de la zona de influencia de Volcan Compa\u00f1\u00eda Minera, con el soporte de RAPID LA, como parte del cumplimiento del GISTM promovido por el ICMM, impulsada por la Oficina de las Naciones Unidas para la Reducci\u00f3n del Riesgo de Desastres y el DS N\u00b0 034 \u2013 2023 EM. El \u00e9xito de este compromiso social radica en la articulaci\u00f3n s\u00f3lida y sostenible entre autoridades locales, poblaci\u00f3n y sector privado, alineado con los Objetivos de Desarrollo Sostenible y el Marco de Sendai. Los resultados han permitido contar con alrededor de 10 000 personas concientizadas, arriba de 200 brigadistas comunitarios equipados y poblaci\u00f3n sensibilizada acerca de la importancia de la reducci\u00f3n de riesgos. Todo ello con el objetivo de lograr una mayor resiliencia comunitaria as\u00ed como una miner\u00eda responsable y sostenible. &hellip;<\/p>\n<\/td><td><\/td><td><div class=\"dlp-table-document-link-wrap\"><a href=\"https:\/\/deev.pe\/wp-content\/uploads\/2025\/10\/Rapid-LA-Manuel-Bravo-Casos-Destacados.docx\" class=\"dlp-download-link dlp-download-button document-library-pro-button button btn\" data-download-id=\"28628\"  download=\"Rapid-LA-Manuel-Bravo-Casos-Destacados.docx\" type=\"application\/vnd.openxmlformats-officedocument.wordprocessingml.document\">Descargar<\/a><\/div><\/td><\/tr><tr id=\"post-row-24750\" class=\"post-row post-type-dlp_document dlp_document-24750 publish\"><td>Evaluaci\u00f3n de las condiciones de estabilidad f\u00edsica de coberturas de cierre con geosint\u00e9ticos<\/td><td><p> &hellip;<\/p>\n<\/td><td><\/td><td><div class=\"dlp-table-document-link-wrap\"><a href=\"https:\/\/deev.pe\/wp-content\/uploads\/2025\/03\/Elard-Quispe-ANDDES.pdf\" class=\"dlp-download-link dlp-download-button document-library-pro-button button btn\" data-download-id=\"24750\"  download=\"Elard-Quispe-ANDDES.pdf\" type=\"application\/pdf\">Descargar<\/a><\/div><\/td><\/tr><\/tbody><\/table>","protected":false},"excerpt":{"rendered":"","protected":false},"author":1,"featured_media":0,"parent":0,"menu_order":0,"comment_status":"closed","ping_status":"closed","template":"","meta":{"_acf_changed":false,"footnotes":""},"class_list":["post-24746","page","type-page","status-publish","hentry"],"acf":[],"_links":{"self":[{"href":"https:\/\/deev.pe\/en\/wp-json\/wp\/v2\/pages\/24746","targetHints":{"allow":["GET"]}}],"collection":[{"href":"https:\/\/deev.pe\/en\/wp-json\/wp\/v2\/pages"}],"about":[{"href":"https:\/\/deev.pe\/en\/wp-json\/wp\/v2\/types\/page"}],"author":[{"embeddable":true,"href":"https:\/\/deev.pe\/en\/wp-json\/wp\/v2\/users\/1"}],"replies":[{"embeddable":true,"href":"https:\/\/deev.pe\/en\/wp-json\/wp\/v2\/comments?post=24746"}],"version-history":[{"count":0,"href":"https:\/\/deev.pe\/en\/wp-json\/wp\/v2\/pages\/24746\/revisions"}],"wp:attachment":[{"href":"https:\/\/deev.pe\/en\/wp-json\/wp\/v2\/media?parent=24746"}],"curies":[{"name":"wp","href":"https:\/\/api.w.org\/{rel}","templated":true}]}}