{"id":26498,"date":"2025-07-24T05:07:24","date_gmt":"2025-07-24T10:07:24","guid":{"rendered":"https:\/\/deev.pe\/?page_id=26498"},"modified":"2025-10-30T11:19:15","modified_gmt":"2025-10-30T16:19:15","slug":"politicas","status":"publish","type":"page","link":"https:\/\/deev.pe\/en\/politicas\/","title":{"rendered":"Pol\u00edticas"},"content":{"rendered":"<div data-elementor-type=\"wp-page\" data-elementor-id=\"26498\" class=\"elementor elementor-26498\" data-elementor-post-type=\"page\">\n\t\t\t\t<div class=\"elementor-element elementor-element-496c155 e-flex e-con-boxed e-con e-parent\" data-id=\"496c155\" data-element_type=\"container\" data-settings=\"{&quot;background_background&quot;:&quot;classic&quot;}\">\n\t\t\t\t\t<div class=\"e-con-inner\">\n\t\t\t\t<div class=\"elementor-element elementor-element-e859ce1 elementor-widget elementor-widget-heading\" data-id=\"e859ce1\" data-element_type=\"widget\" data-widget_type=\"heading.default\">\n\t\t\t\t<div class=\"elementor-widget-container\">\n\t\t\t\t\t<h2 class=\"elementor-heading-title elementor-size-default\">Nuestras Pol\u00edticas<\/h2>\t\t\t\t<\/div>\n\t\t\t\t<\/div>\n\t\t\t\t\t<\/div>\n\t\t\t\t<\/div>\n\t\t<div class=\"elementor-element elementor-element-bf7473a e-flex e-con-boxed e-con e-parent\" data-id=\"bf7473a\" data-element_type=\"container\">\n\t\t\t\t\t<div class=\"e-con-inner\">\n\t\t\t\t<div class=\"elementor-element elementor-element-27851d3 e-n-tabs-mobile elementor-widget elementor-widget-n-tabs\" data-id=\"27851d3\" data-element_type=\"widget\" data-widget_type=\"nested-tabs.default\">\n\t\t\t\t<div class=\"elementor-widget-container\">\n\t\t\t\t\t\t\t<div class=\"e-n-tabs\" data-widget-number=\"41439699\" aria-label=\"Tabs. Open items with Enter or Space, close with Escape and navigate using the Arrow keys.\" data-no-translation-aria-label=\"\">\n\t\t\t<div class=\"e-n-tabs-heading\" role=\"tablist\">\n\t\t\t\t\t<button id=\"e-n-tab-title-414396991\" class=\"e-n-tab-title\" aria-selected=\"true\" data-tab-index=\"1\" role=\"tab\" tabindex=\"0\" aria-controls=\"e-n-tab-content-414396991\" style=\"--n-tabs-title-order: 1;\">\n\t\t\t\t\t\t<span class=\"e-n-tab-title-text\">\n\t\t\t\tT\u00c9RMINOS Y CONDICIONES DE PARTICIPACI\u00d3N \u2013 DEEV S.A.C.\t\t\t<\/span>\n\t\t<\/button>\n\t\t\t\t<button id=\"e-n-tab-title-414396992\" class=\"e-n-tab-title\" aria-selected=\"false\" data-tab-index=\"2\" role=\"tab\" tabindex=\"-1\" aria-controls=\"e-n-tab-content-414396992\" style=\"--n-tabs-title-order: 2;\">\n\t\t\t\t\t\t<span class=\"e-n-tab-title-text\">\n\t\t\t\tPOLITICAS DE PRIVACIDAD DE DATOS PERSONALES \u2013 DEEV S.A.C.\t\t\t<\/span>\n\t\t<\/button>\n\t\t\t\t<button id=\"e-n-tab-title-414396993\" class=\"e-n-tab-title\" aria-selected=\"false\" data-tab-index=\"3\" role=\"tab\" tabindex=\"-1\" aria-controls=\"e-n-tab-content-414396993\" style=\"--n-tabs-title-order: 3;\">\n\t\t\t\t\t\t<span class=\"e-n-tab-title-text\">\n\t\t\t\tPOL\u00cdTICA AMBIENTAL \u2013 DEEV S.A.C.\t\t\t<\/span>\n\t\t<\/button>\n\t\t\t\t<button id=\"e-n-tab-title-414396994\" class=\"e-n-tab-title\" aria-selected=\"false\" data-tab-index=\"4\" role=\"tab\" tabindex=\"-1\" aria-controls=\"e-n-tab-content-414396994\" style=\"--n-tabs-title-order: 4;\">\n\t\t\t\t\t\t<span class=\"e-n-tab-title-text\">\n\t\t\t\tPOL\u00cdTICA DEL SISTEMA DE GESTI\u00d3N DE SEGURIDAD Y SALUD EN EL TRABAJO \u2013 DEEV S.A.C.\t\t\t<\/span>\n\t\t<\/button>\n\t\t\t\t<button id=\"e-n-tab-title-414396995\" class=\"e-n-tab-title\" aria-selected=\"false\" data-tab-index=\"5\" role=\"tab\" tabindex=\"-1\" aria-controls=\"e-n-tab-content-414396995\" style=\"--n-tabs-title-order: 5;\">\n\t\t\t\t\t\t<span class=\"e-n-tab-title-text\">\n\t\t\t\tPOL\u00cdTICA DE COOKIES\t\t\t<\/span>\n\t\t<\/button>\n\t\t\t\t\t<\/div>\n\t\t\t<div class=\"e-n-tabs-content\">\n\t\t\t\t<div id=\"e-n-tab-content-414396991\" role=\"tabpanel\" aria-labelledby=\"e-n-tab-title-414396991\" data-tab-index=\"1\" style=\"--n-tabs-title-order: 1;\" class=\"e-active elementor-element elementor-element-693d449 e-con-full e-transform e-flex e-con e-child\" data-id=\"693d449\" data-element_type=\"container\" data-settings=\"{&quot;_transform_scale_effect_mobile&quot;:{&quot;unit&quot;:&quot;px&quot;,&quot;size&quot;:1,&quot;sizes&quot;:[]},&quot;_transform_scale_effect&quot;:{&quot;unit&quot;:&quot;px&quot;,&quot;size&quot;:&quot;&quot;,&quot;sizes&quot;:[]},&quot;_transform_scale_effect_tablet&quot;:{&quot;unit&quot;:&quot;px&quot;,&quot;size&quot;:&quot;&quot;,&quot;sizes&quot;:[]}}\">\n\t\t\t\t<div class=\"elementor-element elementor-element-b7f59a7 elementor-widget elementor-widget-shortcode\" data-id=\"b7f59a7\" data-element_type=\"widget\" data-widget_type=\"shortcode.default\">\n\t\t\t\t<div class=\"elementor-widget-container\">\n\t\t\t\t\t\t\t<div class=\"elementor-shortcode\">\n\t\t<div class=\"wppdfemb-frame-container-1\" style=\"-webkit-overflow-scrolling:auto;\">\n\t\t\t<iframe class=\"pdfembed-iframe nonfullscreen wppdf-emb-iframe-1\"\n\t\t\t\tsrc=\"https:\/\/deev.pe\/en\/?pdfemb-data=eyJ1cmwiOiJodHRwczpcL1wvZGVldi5wZVwvd3AtY29udGVudFwvdXBsb2Fkc1wvMjAyNVwvMTBcL1RFUk1JTk9TX1lfQ09ORElDSU9ORVNfREVfUEFSVElDSVBBQ0lPTl9ERUVWLTEucGRmIiwidG9vbGJhcmZpeGVkIjoib24iLCJtb2JpbGV3aWR0aCI6IjI1MHB4IiwibW9iaWxlaGVpZ2h0IjoiMzU0cHgiLCJpbmRleCI6MSwicGRmSUQiOjI4NjQ1fQ\"\n\t\t\t\tdata-pdf-id=\"28645\"\n\t\t\t\tdata-pdf-index=\"1\"\n\t\t\t\tstyle=\"border:none;width:100%;max-width:100%;height:100vh;\"\n\t\t\t\tscrolling=\"yes\">\n\t\t\t<\/iframe>\n\t\t<\/div>\n\n\t\t<\/div>\n\t\t\t\t\t\t<\/div>\n\t\t\t\t<\/div>\n\t\t\t\t<\/div>\n\t\t<div id=\"e-n-tab-content-414396992\" role=\"tabpanel\" aria-labelledby=\"e-n-tab-title-414396992\" data-tab-index=\"2\" style=\"--n-tabs-title-order: 2;\" class=\"elementor-element elementor-element-a94048f e-con-full e-transform e-flex e-con e-child\" data-id=\"a94048f\" data-element_type=\"container\" data-settings=\"{&quot;_transform_scale_effect_mobile&quot;:{&quot;unit&quot;:&quot;px&quot;,&quot;size&quot;:1,&quot;sizes&quot;:[]},&quot;_transform_scale_effect&quot;:{&quot;unit&quot;:&quot;px&quot;,&quot;size&quot;:&quot;&quot;,&quot;sizes&quot;:[]},&quot;_transform_scale_effect_tablet&quot;:{&quot;unit&quot;:&quot;px&quot;,&quot;size&quot;:&quot;&quot;,&quot;sizes&quot;:[]}}\">\n\t\t\t\t<div class=\"elementor-element elementor-element-7cdc8c5 elementor-widget elementor-widget-shortcode\" data-id=\"7cdc8c5\" data-element_type=\"widget\" data-widget_type=\"shortcode.default\">\n\t\t\t\t<div class=\"elementor-widget-container\">\n\t\t\t\t\t\t\t<div class=\"elementor-shortcode\">\n\t\t<div class=\"wppdfemb-frame-container-2\" style=\"-webkit-overflow-scrolling:auto;\">\n\t\t\t<iframe class=\"pdfembed-iframe nonfullscreen wppdf-emb-iframe-2\"\n\t\t\t\tsrc=\"https:\/\/deev.pe\/en\/?pdfemb-data=eyJ1cmwiOiJodHRwczpcL1wvZGVldi5wZVwvd3AtY29udGVudFwvdXBsb2Fkc1wvMjAyNVwvMDhcL1RFUk1JTk9TX1lfQ09ORElDSU9ORVNfREVfUEFSVElDSVBBQ0lPTl9ERUVWLnBkZiIsInRvb2xiYXJmaXhlZCI6Im9uIiwibW9iaWxld2lkdGgiOiIyNTBweCIsIm1vYmlsZWhlaWdodCI6IjM1NHB4IiwiaW5kZXgiOjIsInBkZklEIjoyNjc2MX0\"\n\t\t\t\tdata-pdf-id=\"26761\"\n\t\t\t\tdata-pdf-index=\"2\"\n\t\t\t\tstyle=\"border:none;width:100%;max-width:100%;height:100vh;\"\n\t\t\t\tscrolling=\"yes\">\n\t\t\t<\/iframe>\n\t\t<\/div>\n\n\t\t<\/div>\n\t\t\t\t\t\t<\/div>\n\t\t\t\t<\/div>\n\t\t\t\t<\/div>\n\t\t<div id=\"e-n-tab-content-414396993\" role=\"tabpanel\" aria-labelledby=\"e-n-tab-title-414396993\" data-tab-index=\"3\" style=\"--n-tabs-title-order: 3;\" class=\"elementor-element elementor-element-2ee1e08 e-con-full e-transform e-flex e-con e-child\" data-id=\"2ee1e08\" data-element_type=\"container\" data-settings=\"{&quot;_transform_scale_effect_mobile&quot;:{&quot;unit&quot;:&quot;px&quot;,&quot;size&quot;:1,&quot;sizes&quot;:[]},&quot;_transform_scale_effect&quot;:{&quot;unit&quot;:&quot;px&quot;,&quot;size&quot;:&quot;&quot;,&quot;sizes&quot;:[]},&quot;_transform_scale_effect_tablet&quot;:{&quot;unit&quot;:&quot;px&quot;,&quot;size&quot;:&quot;&quot;,&quot;sizes&quot;:[]}}\">\n\t\t\t\t<div class=\"elementor-element elementor-element-e366dc0 elementor-widget elementor-widget-shortcode\" data-id=\"e366dc0\" data-element_type=\"widget\" data-widget_type=\"shortcode.default\">\n\t\t\t\t<div class=\"elementor-widget-container\">\n\t\t\t\t\t\t\t<div class=\"elementor-shortcode\">\n\t\t<div class=\"wppdfemb-frame-container-3\" style=\"-webkit-overflow-scrolling:auto;\">\n\t\t\t<iframe class=\"pdfembed-iframe nonfullscreen wppdf-emb-iframe-3\"\n\t\t\t\tsrc=\"https:\/\/deev.pe\/en\/?pdfemb-data=eyJ1cmwiOiJodHRwczpcL1wvZGVldi5wZVwvd3AtY29udGVudFwvdXBsb2Fkc1wvMjAyNVwvMDhcL1BPTElUSUNBX0FNQklFTlRBTF9ERUVWLnBkZiIsInRvb2xiYXJmaXhlZCI6Im9uIiwibW9iaWxld2lkdGgiOiIyNTBweCIsIm1vYmlsZWhlaWdodCI6IjM1NHB4IiwiaW5kZXgiOjMsInBkZklEIjoyNjkwMX0\"\n\t\t\t\tdata-pdf-id=\"26901\"\n\t\t\t\tdata-pdf-index=\"3\"\n\t\t\t\tstyle=\"border:none;width:100%;max-width:100%;height:100vh;\"\n\t\t\t\tscrolling=\"yes\">\n\t\t\t<\/iframe>\n\t\t<\/div>\n\n\t\t<\/div>\n\t\t\t\t\t\t<\/div>\n\t\t\t\t<\/div>\n\t\t\t\t<\/div>\n\t\t<div id=\"e-n-tab-content-414396994\" role=\"tabpanel\" aria-labelledby=\"e-n-tab-title-414396994\" data-tab-index=\"4\" style=\"--n-tabs-title-order: 4;\" class=\"elementor-element elementor-element-e08f6b8 e-con-full e-transform e-flex e-con e-child\" data-id=\"e08f6b8\" data-element_type=\"container\" data-settings=\"{&quot;_transform_scale_effect_mobile&quot;:{&quot;unit&quot;:&quot;px&quot;,&quot;size&quot;:1,&quot;sizes&quot;:[]},&quot;_transform_scale_effect&quot;:{&quot;unit&quot;:&quot;px&quot;,&quot;size&quot;:&quot;&quot;,&quot;sizes&quot;:[]},&quot;_transform_scale_effect_tablet&quot;:{&quot;unit&quot;:&quot;px&quot;,&quot;size&quot;:&quot;&quot;,&quot;sizes&quot;:[]}}\">\n\t\t\t\t<div class=\"elementor-element elementor-element-00cf907 elementor-widget elementor-widget-shortcode\" data-id=\"00cf907\" data-element_type=\"widget\" data-widget_type=\"shortcode.default\">\n\t\t\t\t<div class=\"elementor-widget-container\">\n\t\t\t\t\t\t\t<div class=\"elementor-shortcode\">\n\t\t<div class=\"wppdfemb-frame-container-4\" style=\"-webkit-overflow-scrolling:auto;\">\n\t\t\t<iframe class=\"pdfembed-iframe nonfullscreen wppdf-emb-iframe-4\"\n\t\t\t\tsrc=\"https:\/\/deev.pe\/en\/?pdfemb-data=eyJ1cmwiOiJodHRwczpcL1wvZGVldi5wZVwvd3AtY29udGVudFwvdXBsb2Fkc1wvMjAyNVwvMDhcL1BPTElUSUNBX0RFX1NTVF9ERUVWLnBkZiIsInRvb2xiYXJmaXhlZCI6Im9uIiwibW9iaWxld2lkdGgiOiIyNTBweCIsIm1vYmlsZWhlaWdodCI6IjM1NHB4IiwiaW5kZXgiOjQsInBkZklEIjoyNjkwMH0\"\n\t\t\t\tdata-pdf-id=\"26900\"\n\t\t\t\tdata-pdf-index=\"4\"\n\t\t\t\tstyle=\"border:none;width:100%;max-width:100%;height:100vh;\"\n\t\t\t\tscrolling=\"yes\">\n\t\t\t<\/iframe>\n\t\t<\/div>\n\n\t\t<\/div>\n\t\t\t\t\t\t<\/div>\n\t\t\t\t<\/div>\n\t\t\t\t<\/div>\n\t\t<div id=\"e-n-tab-content-414396995\" role=\"tabpanel\" aria-labelledby=\"e-n-tab-title-414396995\" data-tab-index=\"5\" style=\"--n-tabs-title-order: 5;\" class=\"elementor-element elementor-element-4b3d2eb e-con-full e-transform e-flex e-con e-child\" data-id=\"4b3d2eb\" data-element_type=\"container\" data-settings=\"{&quot;_transform_scale_effect_mobile&quot;:{&quot;unit&quot;:&quot;px&quot;,&quot;size&quot;:1,&quot;sizes&quot;:[]},&quot;_transform_scale_effect&quot;:{&quot;unit&quot;:&quot;px&quot;,&quot;size&quot;:&quot;&quot;,&quot;sizes&quot;:[]},&quot;_transform_scale_effect_tablet&quot;:{&quot;unit&quot;:&quot;px&quot;,&quot;size&quot;:&quot;&quot;,&quot;sizes&quot;:[]}}\">\n\t\t\t\t<div class=\"elementor-element elementor-element-eef4c9b elementor-widget elementor-widget-shortcode\" data-id=\"eef4c9b\" data-element_type=\"widget\" data-widget_type=\"shortcode.default\">\n\t\t\t\t<div class=\"elementor-widget-container\">\n\t\t\t\t\t\t\t<div class=\"elementor-shortcode\">\n\t\t<div class=\"wppdfemb-frame-container-5\" style=\"-webkit-overflow-scrolling:auto;\">\n\t\t\t<iframe class=\"pdfembed-iframe nonfullscreen wppdf-emb-iframe-5\"\n\t\t\t\tsrc=\"https:\/\/deev.pe\/en\/?pdfemb-data=eyJ1cmwiOiJodHRwczpcL1wvZGVldi5wZVwvd3AtY29udGVudFwvdXBsb2Fkc1wvMjAyNVwvMDlcL1BPTElUSUNBX0RFX0NPT0tJRVNfREVFVi5wZGYiLCJ0b29sYmFyZml4ZWQiOiJvbiIsIm1vYmlsZXdpZHRoIjoiMjUwcHgiLCJtb2JpbGVoZWlnaHQiOiIzNTRweCIsImluZGV4Ijo1LCJwZGZJRCI6Mjc5Mjl9\"\n\t\t\t\tdata-pdf-id=\"27929\"\n\t\t\t\tdata-pdf-index=\"5\"\n\t\t\t\tstyle=\"border:none;width:100%;max-width:100%;height:100vh;\"\n\t\t\t\tscrolling=\"yes\">\n\t\t\t<\/iframe>\n\t\t<\/div>\n\n\t\t<\/div>\n\t\t\t\t\t\t<\/div>\n\t\t\t\t<\/div>\n\t\t\t\t<\/div>\n\t\t\t\t\t<\/div>\n\t\t<\/div>\n\t\t\t\t\t\t<\/div>\n\t\t\t\t<\/div>\n\t\t\t\t\t<\/div>\n\t\t\t\t<\/div>\n\t\t\t\t<\/div>","protected":false},"excerpt":{"rendered":"<p>Nuestras Pol\u00edticas T\u00c9RMINOS Y CONDICIONES DE PARTICIPACI\u00d3N \u2013 DEEV S.A.C. POLITICAS DE PRIVACIDAD DE DATOS PERSONALES \u2013 DEEV S.A.C. POL\u00cdTICA AMBIENTAL \u2013 DEEV S.A.C. POL\u00cdTICA DEL SISTEMA DE GESTI\u00d3N DE SEGURIDAD Y SALUD EN EL TRABAJO \u2013 DEEV S.A.C. POL\u00cdTICA DE COOKIES<\/p>","protected":false},"author":1,"featured_media":0,"parent":0,"menu_order":0,"comment_status":"closed","ping_status":"closed","template":"elementor_header_footer","meta":{"_acf_changed":false,"footnotes":""},"class_list":["post-26498","page","type-page","status-publish","hentry"],"acf":[],"_links":{"self":[{"href":"https:\/\/deev.pe\/en\/wp-json\/wp\/v2\/pages\/26498","targetHints":{"allow":["GET"]}}],"collection":[{"href":"https:\/\/deev.pe\/en\/wp-json\/wp\/v2\/pages"}],"about":[{"href":"https:\/\/deev.pe\/en\/wp-json\/wp\/v2\/types\/page"}],"author":[{"embeddable":true,"href":"https:\/\/deev.pe\/en\/wp-json\/wp\/v2\/users\/1"}],"replies":[{"embeddable":true,"href":"https:\/\/deev.pe\/en\/wp-json\/wp\/v2\/comments?post=26498"}],"version-history":[{"count":0,"href":"https:\/\/deev.pe\/en\/wp-json\/wp\/v2\/pages\/26498\/revisions"}],"wp:attachment":[{"href":"https:\/\/deev.pe\/en\/wp-json\/wp\/v2\/media?parent=26498"}],"curies":[{"name":"wp","href":"https:\/\/api.w.org\/{rel}","templated":true}]}}