{"id":28137,"date":"2025-09-16T11:18:03","date_gmt":"2025-09-16T16:18:03","guid":{"rendered":"https:\/\/deev.pe\/?page_id=28137"},"modified":"2026-01-27T12:34:12","modified_gmt":"2026-01-27T17:34:12","slug":"ediciones-anteriores","status":"publish","type":"page","link":"https:\/\/deev.pe\/en\/congresos-apc-tt\/ediciones-anteriores\/","title":{"rendered":"Congreso APC y T&amp;T Per\u00fa 2026 &#8211; Ediciones Anteriores"},"content":{"rendered":"<div data-elementor-type=\"wp-page\" data-elementor-id=\"28137\" class=\"elementor elementor-28137\" data-elementor-post-type=\"page\">\n\t\t\t\t<div class=\"elementor-element elementor-element-8129281 e-flex e-con-boxed e-con e-parent\" data-id=\"8129281\" data-element_type=\"container\" data-settings=\"{&quot;background_background&quot;:&quot;video&quot;,&quot;background_video_link&quot;:&quot;https:\\\/\\\/youtu.be\\\/HW_gcsLiUTg?t=4&quot;,&quot;background_video_start&quot;:44,&quot;background_video_end&quot;:102,&quot;background_play_on_mobile&quot;:&quot;yes&quot;}\">\n\t\t\t\t\t<div class=\"e-con-inner\">\n\t\t<div class=\"elementor-background-video-container\" aria-hidden=\"true\">\n\t\t\t\t\t\t\t<div class=\"elementor-background-video-embed\"><\/div>\n\t\t\t\t\t\t<\/div><div class=\"elementor-element elementor-element-5e3686a e-con-full e-grid e-con e-child\" data-id=\"5e3686a\" data-element_type=\"container\">\n\t\t<div class=\"elementor-element elementor-element-b7ddc8d e-con-full e-flex e-con e-child\" data-id=\"b7ddc8d\" data-element_type=\"container\">\n\t\t\t\t<div class=\"elementor-element elementor-element-9bded4e elementor-widget elementor-widget-image\" data-id=\"9bded4e\" data-element_type=\"widget\" data-widget_type=\"image.default\">\n\t\t\t\t<div class=\"elementor-widget-container\">\n\t\t\t\t\t\t\t\t\t\t\t\t\t\t\t<img fetchpriority=\"high\" decoding=\"async\" width=\"1024\" height=\"218\" src=\"https:\/\/deev.pe\/wp-content\/uploads\/2025\/10\/LOGO-APC-TT-1024x218.png\" class=\"attachment-large size-large wp-image-28507\" alt=\"\" srcset=\"https:\/\/deev.pe\/wp-content\/uploads\/2025\/10\/LOGO-APC-TT-1024x218.png 1024w, https:\/\/deev.pe\/wp-content\/uploads\/2025\/10\/LOGO-APC-TT-300x64.png 300w, https:\/\/deev.pe\/wp-content\/uploads\/2025\/10\/LOGO-APC-TT-768x164.png 768w, https:\/\/deev.pe\/wp-content\/uploads\/2025\/10\/LOGO-APC-TT-1536x327.png 1536w, https:\/\/deev.pe\/wp-content\/uploads\/2025\/10\/LOGO-APC-TT-2048x436.png 2048w, https:\/\/deev.pe\/wp-content\/uploads\/2025\/10\/LOGO-APC-TT-18x4.png 18w, https:\/\/deev.pe\/wp-content\/uploads\/2025\/10\/LOGO-APC-TT-600x128.png 600w\" sizes=\"(max-width: 1024px) 100vw, 1024px\" \/>\t\t\t\t\t\t\t\t\t\t\t\t\t\t\t<\/div>\n\t\t\t\t<\/div>\n\t\t<div class=\"elementor-element elementor-element-e215b39 e-con-full e-flex e-con e-child\" data-id=\"e215b39\" data-element_type=\"container\">\n\t\t\t\t<div class=\"elementor-element elementor-element-db79d34 elementor-widget elementor-widget-heading\" data-id=\"db79d34\" data-element_type=\"widget\" data-widget_type=\"heading.default\">\n\t\t\t\t<div class=\"elementor-widget-container\">\n\t\t\t\t\t<h2 class=\"elementor-heading-title elementor-size-default\"><b>Innovaci\u00f3n y optimizaci\u00f3n de procesos metal\u00fargicos:<\/b><br>\nTransporte, Conminuci\u00f3n, Molienda, Flotaci\u00f3n y Lixiviaci\u00f3n<\/h2>\t\t\t\t<\/div>\n\t\t\t\t<\/div>\n\t\t\t\t<\/div>\n\t\t\t\t<\/div>\n\t\t\t\t<\/div>\n\t\t\t\t<div class=\"elementor-element elementor-element-a3b4e13 elementor-align-center elementor-widget elementor-widget-button\" data-id=\"a3b4e13\" data-element_type=\"widget\" data-widget_type=\"button.default\">\n\t\t\t\t<div class=\"elementor-widget-container\">\n\t\t\t\t\t\t\t\t\t<div class=\"elementor-button-wrapper\">\n\t\t\t\t\t<a class=\"elementor-button elementor-size-sm\" role=\"button\">\n\t\t\t\t\t\t<span class=\"elementor-button-content-wrapper\">\n\t\t\t\t\t\t\t\t\t<span class=\"elementor-button-text\">16 y 17 de Julio 2026<\/span>\n\t\t\t\t\t<\/span>\n\t\t\t\t\t<\/a>\n\t\t\t\t<\/div>\n\t\t\t\t\t\t\t\t<\/div>\n\t\t\t\t<\/div>\n\t\t\t\t\t<\/div>\n\t\t\t\t<\/div>\n\t\t<div class=\"elementor-element elementor-element-432d208 e-flex e-con-boxed e-con e-parent\" data-id=\"432d208\" data-element_type=\"container\">\n\t\t\t\t\t<div class=\"e-con-inner\">\n\t\t\t\t<div class=\"elementor-element elementor-element-5ba15fb elementor-widget__width-initial elementor-widget elementor-widget-heading\" data-id=\"5ba15fb\" data-element_type=\"widget\" data-widget_type=\"heading.default\">\n\t\t\t\t<div class=\"elementor-widget-container\">\n\t\t\t\t\t<h2 class=\"elementor-heading-title elementor-size-default\">APC Peru Congress<\/h2>\t\t\t\t<\/div>\n\t\t\t\t<\/div>\n\t\t<div class=\"elementor-element elementor-element-8409e21 e-con-full e-flex elementor-invisible e-con e-child\" data-id=\"8409e21\" data-element_type=\"container\" data-settings=\"{&quot;animation&quot;:&quot;fadeInUp&quot;}\">\n\t\t\t\t<div class=\"elementor-element elementor-element-404a430 elementor-widget__width-initial elementor-widget elementor-widget-image\" data-id=\"404a430\" data-element_type=\"widget\" data-widget_type=\"image.default\">\n\t\t\t\t<div class=\"elementor-widget-container\">\n\t\t\t\t\t\t\t\t\t\t\t\t<figure class=\"wp-caption\">\n\t\t\t\t\t\t\t\t\t\t\t<a href=\"https:\/\/deev.pe\/wp-content\/uploads\/2021\/04\/Boletin-APC-1.pdf\" target=\"_blank\">\n\t\t\t\t\t\t\t<img decoding=\"async\" width=\"378\" height=\"600\" src=\"https:\/\/deev.pe\/wp-content\/uploads\/2023\/02\/apc-ediciones-xk1x.jpg\" class=\"elementor-animation-pulse attachment-large size-large wp-image-11560\" alt=\"\" srcset=\"https:\/\/deev.pe\/wp-content\/uploads\/2023\/02\/apc-ediciones-xk1x.jpg 378w, https:\/\/deev.pe\/wp-content\/uploads\/2023\/02\/apc-ediciones-xk1x-189x300.jpg 189w\" sizes=\"(max-width: 378px) 100vw, 378px\" \/>\t\t\t\t\t\t\t\t<\/a>\n\t\t\t\t\t\t\t\t\t\t\t<figcaption class=\"widget-image-caption wp-caption-text\">APC 2016<\/figcaption>\n\t\t\t\t\t\t\t\t\t\t<\/figure>\n\t\t\t\t\t\t\t\t\t<\/div>\n\t\t\t\t<\/div>\n\t\t\t\t<div class=\"elementor-element elementor-element-e5a0664 elementor-widget__width-initial elementor-widget elementor-widget-image\" data-id=\"e5a0664\" data-element_type=\"widget\" data-widget_type=\"image.default\">\n\t\t\t\t<div class=\"elementor-widget-container\">\n\t\t\t\t\t\t\t\t\t\t\t\t<figure class=\"wp-caption\">\n\t\t\t\t\t\t\t\t\t\t\t<a href=\"https:\/\/deev.pe\/wp-content\/uploads\/2021\/04\/Boletin-APC-2.pdf\" target=\"_blank\">\n\t\t\t\t\t\t\t<img decoding=\"async\" width=\"378\" height=\"600\" src=\"https:\/\/deev.pe\/wp-content\/uploads\/2023\/02\/apc-ediciones-xk2x.jpg\" class=\"elementor-animation-pulse attachment-large size-large wp-image-11559\" alt=\"\" srcset=\"https:\/\/deev.pe\/wp-content\/uploads\/2023\/02\/apc-ediciones-xk2x.jpg 378w, https:\/\/deev.pe\/wp-content\/uploads\/2023\/02\/apc-ediciones-xk2x-189x300.jpg 189w\" sizes=\"(max-width: 378px) 100vw, 378px\" \/>\t\t\t\t\t\t\t\t<\/a>\n\t\t\t\t\t\t\t\t\t\t\t<figcaption class=\"widget-image-caption wp-caption-text\">APC 2017<\/figcaption>\n\t\t\t\t\t\t\t\t\t\t<\/figure>\n\t\t\t\t\t\t\t\t\t<\/div>\n\t\t\t\t<\/div>\n\t\t\t\t<div class=\"elementor-element elementor-element-8d9a5c5 elementor-widget__width-initial elementor-widget elementor-widget-image\" data-id=\"8d9a5c5\" data-element_type=\"widget\" data-widget_type=\"image.default\">\n\t\t\t\t<div class=\"elementor-widget-container\">\n\t\t\t\t\t\t\t\t\t\t\t\t<figure class=\"wp-caption\">\n\t\t\t\t\t\t\t\t\t\t\t<a href=\"https:\/\/deev.pe\/wp-content\/uploads\/2021\/04\/Boletin-APC-3.pdf\" target=\"_blank\">\n\t\t\t\t\t\t\t<img loading=\"lazy\" decoding=\"async\" width=\"378\" height=\"600\" src=\"https:\/\/deev.pe\/wp-content\/uploads\/2023\/02\/apc-ediciones-xk3x.jpg\" class=\"elementor-animation-pulse attachment-large size-large wp-image-11558\" alt=\"\" srcset=\"https:\/\/deev.pe\/wp-content\/uploads\/2023\/02\/apc-ediciones-xk3x.jpg 378w, https:\/\/deev.pe\/wp-content\/uploads\/2023\/02\/apc-ediciones-xk3x-189x300.jpg 189w\" sizes=\"(max-width: 378px) 100vw, 378px\" \/>\t\t\t\t\t\t\t\t<\/a>\n\t\t\t\t\t\t\t\t\t\t\t<figcaption class=\"widget-image-caption wp-caption-text\">APC 2018<\/figcaption>\n\t\t\t\t\t\t\t\t\t\t<\/figure>\n\t\t\t\t\t\t\t\t\t<\/div>\n\t\t\t\t<\/div>\n\t\t\t\t<div class=\"elementor-element elementor-element-4c8b004 elementor-widget__width-initial elementor-widget elementor-widget-image\" data-id=\"4c8b004\" data-element_type=\"widget\" data-widget_type=\"image.default\">\n\t\t\t\t<div class=\"elementor-widget-container\">\n\t\t\t\t\t\t\t\t\t\t\t\t<figure class=\"wp-caption\">\n\t\t\t\t\t\t\t\t\t\t\t<a href=\"https:\/\/deev.pe\/wp-content\/uploads\/2021\/04\/Boletin-APC-4.pdf\" target=\"_blank\">\n\t\t\t\t\t\t\t<img loading=\"lazy\" decoding=\"async\" width=\"378\" height=\"600\" src=\"https:\/\/deev.pe\/wp-content\/uploads\/2023\/02\/apc-ediciones-xk4x.jpg\" class=\"elementor-animation-pulse attachment-large size-large wp-image-11557\" alt=\"\" srcset=\"https:\/\/deev.pe\/wp-content\/uploads\/2023\/02\/apc-ediciones-xk4x.jpg 378w, https:\/\/deev.pe\/wp-content\/uploads\/2023\/02\/apc-ediciones-xk4x-189x300.jpg 189w\" sizes=\"(max-width: 378px) 100vw, 378px\" \/>\t\t\t\t\t\t\t\t<\/a>\n\t\t\t\t\t\t\t\t\t\t\t<figcaption class=\"widget-image-caption wp-caption-text\">APC 2019<\/figcaption>\n\t\t\t\t\t\t\t\t\t\t<\/figure>\n\t\t\t\t\t\t\t\t\t<\/div>\n\t\t\t\t<\/div>\n\t\t\t\t<div class=\"elementor-element elementor-element-1987d9b elementor-widget__width-initial elementor-widget elementor-widget-image\" data-id=\"1987d9b\" data-element_type=\"widget\" data-widget_type=\"image.default\">\n\t\t\t\t<div class=\"elementor-widget-container\">\n\t\t\t\t\t\t\t\t\t\t\t\t<figure class=\"wp-caption\">\n\t\t\t\t\t\t\t\t\t\t\t<a href=\"https:\/\/deev.pe\/wp-content\/uploads\/2021\/02\/5to-Congreso-APC-Programa-Completo.pdf\" target=\"_blank\">\n\t\t\t\t\t\t\t<img loading=\"lazy\" decoding=\"async\" width=\"378\" height=\"600\" src=\"https:\/\/deev.pe\/wp-content\/uploads\/2023\/02\/apc-ediciones-xk5x.jpg\" class=\"elementor-animation-pulse attachment-large size-large wp-image-11556\" alt=\"\" srcset=\"https:\/\/deev.pe\/wp-content\/uploads\/2023\/02\/apc-ediciones-xk5x.jpg 378w, https:\/\/deev.pe\/wp-content\/uploads\/2023\/02\/apc-ediciones-xk5x-189x300.jpg 189w\" sizes=\"(max-width: 378px) 100vw, 378px\" \/>\t\t\t\t\t\t\t\t<\/a>\n\t\t\t\t\t\t\t\t\t\t\t<figcaption class=\"widget-image-caption wp-caption-text\">APC 2021<\/figcaption>\n\t\t\t\t\t\t\t\t\t\t<\/figure>\n\t\t\t\t\t\t\t\t\t<\/div>\n\t\t\t\t<\/div>\n\t\t\t\t<div class=\"elementor-element elementor-element-d35dbd0 elementor-widget__width-initial elementor-widget elementor-widget-image\" data-id=\"d35dbd0\" data-element_type=\"widget\" data-widget_type=\"image.default\">\n\t\t\t\t<div class=\"elementor-widget-container\">\n\t\t\t\t\t\t\t\t\t\t\t\t<figure class=\"wp-caption\">\n\t\t\t\t\t\t\t\t\t\t\t<a href=\"https:\/\/deev.pe\/wp-content\/uploads\/2021\/02\/6to-Congreso-APC-Algunas-presentaciones.pdf\" target=\"_blank\">\n\t\t\t\t\t\t\t<img loading=\"lazy\" decoding=\"async\" width=\"378\" height=\"600\" src=\"https:\/\/deev.pe\/wp-content\/uploads\/2023\/02\/apc-ediciones-xk5.jpg\" class=\"elementor-animation-pulse attachment-large size-large wp-image-11555\" alt=\"\" srcset=\"https:\/\/deev.pe\/wp-content\/uploads\/2023\/02\/apc-ediciones-xk5.jpg 378w, https:\/\/deev.pe\/wp-content\/uploads\/2023\/02\/apc-ediciones-xk5-189x300.jpg 189w\" sizes=\"(max-width: 378px) 100vw, 378px\" \/>\t\t\t\t\t\t\t\t<\/a>\n\t\t\t\t\t\t\t\t\t\t\t<figcaption class=\"widget-image-caption wp-caption-text\">APC 2022<\/figcaption>\n\t\t\t\t\t\t\t\t\t\t<\/figure>\n\t\t\t\t\t\t\t\t\t<\/div>\n\t\t\t\t<\/div>\n\t\t\t\t<div class=\"elementor-element elementor-element-c0d6241 elementor-widget__width-initial elementor-widget elementor-widget-image\" data-id=\"c0d6241\" data-element_type=\"widget\" data-widget_type=\"image.default\">\n\t\t\t\t<div class=\"elementor-widget-container\">\n\t\t\t\t\t\t\t\t\t\t\t\t<figure class=\"wp-caption\">\n\t\t\t\t\t\t\t\t\t\t\t<a href=\"https:\/\/deev.pe\/wp-content\/uploads\/2021\/02\/2023_Programa_APC.pdf\" target=\"_blank\">\n\t\t\t\t\t\t\t<img loading=\"lazy\" decoding=\"async\" width=\"378\" height=\"600\" src=\"https:\/\/deev.pe\/wp-content\/uploads\/2024\/02\/Si12SD.jpg\" class=\"elementor-animation-pulse attachment-large size-large wp-image-18145\" alt=\"\" srcset=\"https:\/\/deev.pe\/wp-content\/uploads\/2024\/02\/Si12SD.jpg 378w, https:\/\/deev.pe\/wp-content\/uploads\/2024\/02\/Si12SD-189x300.jpg 189w\" sizes=\"(max-width: 378px) 100vw, 378px\" \/>\t\t\t\t\t\t\t\t<\/a>\n\t\t\t\t\t\t\t\t\t\t\t<figcaption class=\"widget-image-caption wp-caption-text\">APC 2023<\/figcaption>\n\t\t\t\t\t\t\t\t\t\t<\/figure>\n\t\t\t\t\t\t\t\t\t<\/div>\n\t\t\t\t<\/div>\n\t\t\t\t<div class=\"elementor-element elementor-element-4ed644b elementor-widget__width-initial elementor-widget elementor-widget-image\" data-id=\"4ed644b\" data-element_type=\"widget\" data-widget_type=\"image.default\">\n\t\t\t\t<div class=\"elementor-widget-container\">\n\t\t\t\t\t\t\t\t\t\t\t\t<figure class=\"wp-caption\">\n\t\t\t\t\t\t\t\t\t\t\t<a href=\"https:\/\/deev.pe\/wp-content\/uploads\/2025\/05\/BOLETIN-APC-2024-21FEB.pdf\" target=\"_blank\">\n\t\t\t\t\t\t\t<img loading=\"lazy\" decoding=\"async\" width=\"378\" height=\"600\" src=\"https:\/\/deev.pe\/wp-content\/uploads\/2025\/12\/Portada-APC-2.png\" class=\"elementor-animation-pulse attachment-large size-large wp-image-29263\" alt=\"\" srcset=\"https:\/\/deev.pe\/wp-content\/uploads\/2025\/12\/Portada-APC-2.png 378w, https:\/\/deev.pe\/wp-content\/uploads\/2025\/12\/Portada-APC-2-189x300.png 189w, https:\/\/deev.pe\/wp-content\/uploads\/2025\/12\/Portada-APC-2-8x12.png 8w\" sizes=\"(max-width: 378px) 100vw, 378px\" \/>\t\t\t\t\t\t\t\t<\/a>\n\t\t\t\t\t\t\t\t\t\t\t<figcaption class=\"widget-image-caption wp-caption-text\">APC 2024<\/figcaption>\n\t\t\t\t\t\t\t\t\t\t<\/figure>\n\t\t\t\t\t\t\t\t\t<\/div>\n\t\t\t\t<\/div>\n\t\t\t\t<div class=\"elementor-element elementor-element-1e659e1 elementor-widget__width-initial elementor-widget elementor-widget-image\" data-id=\"1e659e1\" data-element_type=\"widget\" data-widget_type=\"image.default\">\n\t\t\t\t<div class=\"elementor-widget-container\">\n\t\t\t\t\t\t\t\t\t\t\t\t<figure class=\"wp-caption\">\n\t\t\t\t\t\t\t\t\t\t\t<a href=\"https:\/\/deev.pe\/wp-content\/uploads\/2025\/02\/Brochure_APC_TT_2025_DEEV.pdf\" target=\"_blank\">\n\t\t\t\t\t\t\t<img loading=\"lazy\" decoding=\"async\" width=\"378\" height=\"600\" src=\"https:\/\/deev.pe\/wp-content\/uploads\/2025\/12\/mockup-boletin-apc-y-tut.webp\" class=\"elementor-animation-pulse attachment-large size-large wp-image-29053\" alt=\"\" srcset=\"https:\/\/deev.pe\/wp-content\/uploads\/2025\/12\/mockup-boletin-apc-y-tut.webp 378w, https:\/\/deev.pe\/wp-content\/uploads\/2025\/12\/mockup-boletin-apc-y-tut-189x300.webp 189w, https:\/\/deev.pe\/wp-content\/uploads\/2025\/12\/mockup-boletin-apc-y-tut-8x12.webp 8w\" sizes=\"(max-width: 378px) 100vw, 378px\" \/>\t\t\t\t\t\t\t\t<\/a>\n\t\t\t\t\t\t\t\t\t\t\t<figcaption class=\"widget-image-caption wp-caption-text\">APC 2025<\/figcaption>\n\t\t\t\t\t\t\t\t\t\t<\/figure>\n\t\t\t\t\t\t\t\t\t<\/div>\n\t\t\t\t<\/div>\n\t\t\t\t<\/div>\n\t\t\t\t\t<\/div>\n\t\t\t\t<\/div>\n\t\t<div class=\"elementor-element elementor-element-79f0d40 e-flex e-con-boxed e-con e-parent\" data-id=\"79f0d40\" data-element_type=\"container\">\n\t\t\t\t\t<div class=\"e-con-inner\">\n\t\t\t\t<div class=\"elementor-element elementor-element-b077520 elementor-widget__width-initial elementor-widget elementor-widget-heading\" data-id=\"b077520\" data-element_type=\"widget\" data-widget_type=\"heading.default\">\n\t\t\t\t<div class=\"elementor-widget-container\">\n\t\t\t\t\t<h2 class=\"elementor-heading-title elementor-size-default\">T&amp;T Congress Peru<\/h2>\t\t\t\t<\/div>\n\t\t\t\t<\/div>\n\t\t<div class=\"elementor-element elementor-element-add6fec e-con-full e-flex elementor-invisible e-con e-child\" data-id=\"add6fec\" data-element_type=\"container\" data-settings=\"{&quot;animation&quot;:&quot;fadeInUp&quot;}\">\n\t\t\t\t<div class=\"elementor-element elementor-element-bf16b94 elementor-widget__width-initial elementor-widget elementor-widget-image\" data-id=\"bf16b94\" data-element_type=\"widget\" data-widget_type=\"image.default\">\n\t\t\t\t<div class=\"elementor-widget-container\">\n\t\t\t\t\t\t\t\t\t\t\t\t<figure class=\"wp-caption\">\n\t\t\t\t\t\t\t\t\t\t\t<a href=\"https:\/\/deev.pe\/wp-content\/uploads\/2021\/02\/Boletin-TT-1.pdf\" target=\"_blank\">\n\t\t\t\t\t\t\t<img loading=\"lazy\" decoding=\"async\" width=\"378\" height=\"600\" src=\"https:\/\/deev.pe\/wp-content\/uploads\/2023\/02\/tytcaja1.jpg\" class=\"elementor-animation-pulse attachment-large size-large wp-image-11847\" alt=\"\" srcset=\"https:\/\/deev.pe\/wp-content\/uploads\/2023\/02\/tytcaja1.jpg 378w, https:\/\/deev.pe\/wp-content\/uploads\/2023\/02\/tytcaja1-189x300.jpg 189w\" sizes=\"(max-width: 378px) 100vw, 378px\" \/>\t\t\t\t\t\t\t\t<\/a>\n\t\t\t\t\t\t\t\t\t\t\t<figcaption class=\"widget-image-caption wp-caption-text\">T&amp;T 2017<\/figcaption>\n\t\t\t\t\t\t\t\t\t\t<\/figure>\n\t\t\t\t\t\t\t\t\t<\/div>\n\t\t\t\t<\/div>\n\t\t\t\t<div class=\"elementor-element elementor-element-0a9dee3 elementor-widget__width-initial elementor-widget elementor-widget-image\" data-id=\"0a9dee3\" data-element_type=\"widget\" data-widget_type=\"image.default\">\n\t\t\t\t<div class=\"elementor-widget-container\">\n\t\t\t\t\t\t\t\t\t\t\t\t<figure class=\"wp-caption\">\n\t\t\t\t\t\t\t\t\t\t\t<a href=\"https:\/\/deev.pe\/wp-content\/uploads\/2021\/02\/Boletin-TT-2.pdf\" target=\"_blank\">\n\t\t\t\t\t\t\t<img loading=\"lazy\" decoding=\"async\" width=\"378\" height=\"600\" src=\"https:\/\/deev.pe\/wp-content\/uploads\/2023\/02\/tytcaja2.jpg\" class=\"elementor-animation-pulse attachment-large size-large wp-image-11846\" alt=\"\" srcset=\"https:\/\/deev.pe\/wp-content\/uploads\/2023\/02\/tytcaja2.jpg 378w, https:\/\/deev.pe\/wp-content\/uploads\/2023\/02\/tytcaja2-189x300.jpg 189w\" sizes=\"(max-width: 378px) 100vw, 378px\" \/>\t\t\t\t\t\t\t\t<\/a>\n\t\t\t\t\t\t\t\t\t\t\t<figcaption class=\"widget-image-caption wp-caption-text\">T&amp;T 2018<\/figcaption>\n\t\t\t\t\t\t\t\t\t\t<\/figure>\n\t\t\t\t\t\t\t\t\t<\/div>\n\t\t\t\t<\/div>\n\t\t\t\t<div class=\"elementor-element elementor-element-1335e74 elementor-widget__width-initial elementor-widget elementor-widget-image\" data-id=\"1335e74\" data-element_type=\"widget\" data-widget_type=\"image.default\">\n\t\t\t\t<div class=\"elementor-widget-container\">\n\t\t\t\t\t\t\t\t\t\t\t\t<figure class=\"wp-caption\">\n\t\t\t\t\t\t\t\t\t\t\t<a href=\"https:\/\/deev.pe\/wp-content\/uploads\/2021\/02\/Boletin-TT-3.pdf\" target=\"_blank\">\n\t\t\t\t\t\t\t<img loading=\"lazy\" decoding=\"async\" width=\"378\" height=\"600\" src=\"https:\/\/deev.pe\/wp-content\/uploads\/2023\/02\/tytcaja3.jpg\" class=\"elementor-animation-pulse attachment-large size-large wp-image-11845\" alt=\"\" srcset=\"https:\/\/deev.pe\/wp-content\/uploads\/2023\/02\/tytcaja3.jpg 378w, https:\/\/deev.pe\/wp-content\/uploads\/2023\/02\/tytcaja3-189x300.jpg 189w\" sizes=\"(max-width: 378px) 100vw, 378px\" \/>\t\t\t\t\t\t\t\t<\/a>\n\t\t\t\t\t\t\t\t\t\t\t<figcaption class=\"widget-image-caption wp-caption-text\">T&amp;T 2019<\/figcaption>\n\t\t\t\t\t\t\t\t\t\t<\/figure>\n\t\t\t\t\t\t\t\t\t<\/div>\n\t\t\t\t<\/div>\n\t\t\t\t<div class=\"elementor-element elementor-element-1c52580 elementor-widget__width-initial elementor-widget elementor-widget-image\" data-id=\"1c52580\" data-element_type=\"widget\" data-widget_type=\"image.default\">\n\t\t\t\t<div class=\"elementor-widget-container\">\n\t\t\t\t\t\t\t\t\t\t\t\t<figure class=\"wp-caption\">\n\t\t\t\t\t\t\t\t\t\t\t<a href=\"https:\/\/deev.pe\/wp-content\/uploads\/2021\/02\/4to-Congreso-TT-Algunas-PresentacionesX-1.pdf\" target=\"_blank\">\n\t\t\t\t\t\t\t<img loading=\"lazy\" decoding=\"async\" width=\"378\" height=\"600\" src=\"https:\/\/deev.pe\/wp-content\/uploads\/2023\/02\/tytcaja4X.jpg\" class=\"elementor-animation-pulse attachment-large size-large wp-image-11880\" alt=\"\" srcset=\"https:\/\/deev.pe\/wp-content\/uploads\/2023\/02\/tytcaja4X.jpg 378w, https:\/\/deev.pe\/wp-content\/uploads\/2023\/02\/tytcaja4X-189x300.jpg 189w\" sizes=\"(max-width: 378px) 100vw, 378px\" \/>\t\t\t\t\t\t\t\t<\/a>\n\t\t\t\t\t\t\t\t\t\t\t<figcaption class=\"widget-image-caption wp-caption-text\">T&amp;T 2022<\/figcaption>\n\t\t\t\t\t\t\t\t\t\t<\/figure>\n\t\t\t\t\t\t\t\t\t<\/div>\n\t\t\t\t<\/div>\n\t\t\t\t<div class=\"elementor-element elementor-element-1272783 elementor-widget__width-initial elementor-widget elementor-widget-image\" data-id=\"1272783\" data-element_type=\"widget\" data-widget_type=\"image.default\">\n\t\t\t\t<div class=\"elementor-widget-container\">\n\t\t\t\t\t\t\t\t\t\t\t\t<figure class=\"wp-caption\">\n\t\t\t\t\t\t\t\t\t\t\t<a href=\"https:\/\/deev.pe\/wp-content\/uploads\/2021\/02\/2023_Programa_TT.pdf\" target=\"_blank\">\n\t\t\t\t\t\t\t<img loading=\"lazy\" decoding=\"async\" width=\"378\" height=\"600\" src=\"https:\/\/deev.pe\/wp-content\/uploads\/2024\/02\/BANJTYTDS.jpg\" class=\"elementor-animation-pulse attachment-large size-large wp-image-18160\" alt=\"\" srcset=\"https:\/\/deev.pe\/wp-content\/uploads\/2024\/02\/BANJTYTDS.jpg 378w, https:\/\/deev.pe\/wp-content\/uploads\/2024\/02\/BANJTYTDS-189x300.jpg 189w\" sizes=\"(max-width: 378px) 100vw, 378px\" \/>\t\t\t\t\t\t\t\t<\/a>\n\t\t\t\t\t\t\t\t\t\t\t<figcaption class=\"widget-image-caption wp-caption-text\">T&amp;T 2023<\/figcaption>\n\t\t\t\t\t\t\t\t\t\t<\/figure>\n\t\t\t\t\t\t\t\t\t<\/div>\n\t\t\t\t<\/div>\n\t\t\t\t<div class=\"elementor-element elementor-element-0d5cca1 elementor-widget__width-initial elementor-widget elementor-widget-image\" data-id=\"0d5cca1\" data-element_type=\"widget\" data-widget_type=\"image.default\">\n\t\t\t\t<div class=\"elementor-widget-container\">\n\t\t\t\t\t\t\t\t\t\t\t\t<figure class=\"wp-caption\">\n\t\t\t\t\t\t\t\t\t\t\t<a href=\"https:\/\/deev.pe\/wp-content\/uploads\/2021\/02\/Combinados-Programa-APC-y-TT.pdf\" target=\"_blank\">\n\t\t\t\t\t\t\t<img loading=\"lazy\" decoding=\"async\" width=\"378\" height=\"600\" src=\"https:\/\/deev.pe\/wp-content\/uploads\/2025\/12\/Portada-TT.png\" class=\"elementor-animation-pulse attachment-large size-large wp-image-29264\" alt=\"\" srcset=\"https:\/\/deev.pe\/wp-content\/uploads\/2025\/12\/Portada-TT.png 378w, https:\/\/deev.pe\/wp-content\/uploads\/2025\/12\/Portada-TT-189x300.png 189w, https:\/\/deev.pe\/wp-content\/uploads\/2025\/12\/Portada-TT-8x12.png 8w\" sizes=\"(max-width: 378px) 100vw, 378px\" \/>\t\t\t\t\t\t\t\t<\/a>\n\t\t\t\t\t\t\t\t\t\t\t<figcaption class=\"widget-image-caption wp-caption-text\">T&amp;T 2024<\/figcaption>\n\t\t\t\t\t\t\t\t\t\t<\/figure>\n\t\t\t\t\t\t\t\t\t<\/div>\n\t\t\t\t<\/div>\n\t\t\t\t<div class=\"elementor-element elementor-element-0de8e01 elementor-widget__width-initial elementor-widget elementor-widget-image\" data-id=\"0de8e01\" data-element_type=\"widget\" data-widget_type=\"image.default\">\n\t\t\t\t<div class=\"elementor-widget-container\">\n\t\t\t\t\t\t\t\t\t\t\t\t<figure class=\"wp-caption\">\n\t\t\t\t\t\t\t\t\t\t\t<a href=\"https:\/\/deev.pe\/wp-content\/uploads\/2025\/02\/Brochure_APC_TT_2025_DEEV.pdf\" target=\"_blank\">\n\t\t\t\t\t\t\t<img loading=\"lazy\" decoding=\"async\" width=\"378\" height=\"600\" src=\"https:\/\/deev.pe\/wp-content\/uploads\/2025\/12\/mockup-boletin-apc-y-tut.webp\" class=\"elementor-animation-pulse attachment-large size-large wp-image-29053\" alt=\"\" srcset=\"https:\/\/deev.pe\/wp-content\/uploads\/2025\/12\/mockup-boletin-apc-y-tut.webp 378w, https:\/\/deev.pe\/wp-content\/uploads\/2025\/12\/mockup-boletin-apc-y-tut-189x300.webp 189w, https:\/\/deev.pe\/wp-content\/uploads\/2025\/12\/mockup-boletin-apc-y-tut-8x12.webp 8w\" sizes=\"(max-width: 378px) 100vw, 378px\" \/>\t\t\t\t\t\t\t\t<\/a>\n\t\t\t\t\t\t\t\t\t\t\t<figcaption class=\"widget-image-caption wp-caption-text\">T&amp;T 2025<\/figcaption>\n\t\t\t\t\t\t\t\t\t\t<\/figure>\n\t\t\t\t\t\t\t\t\t<\/div>\n\t\t\t\t<\/div>\n\t\t\t\t<\/div>\n\t\t\t\t\t<\/div>\n\t\t\t\t<\/div>\n\t\t\t\t<\/div>","protected":false},"excerpt":{"rendered":"<p>Innovaci\u00f3n y optimizaci\u00f3n de procesos metal\u00fargicos: Transporte, Conminuci\u00f3n, Molienda, Flotaci\u00f3n y Lixiviaci\u00f3n 16 y 17 de Julio 2026 Congreso APC Per\u00fa APC 2016 APC 2017 APC 2018 APC 2019 APC 2021 APC 2022 APC 2023 APC 2024 APC 2025 Congreso T&amp;T Per\u00fa T&amp;T 2017 T&amp;T 2018 T&amp;T 2019 T&amp;T 2022 T&amp;T 2023 T&amp;T 2024 T&amp;T [&hellip;]<\/p>","protected":false},"author":1,"featured_media":0,"parent":27974,"menu_order":0,"comment_status":"closed","ping_status":"closed","template":"elementor_header_footer","meta":{"_acf_changed":false,"footnotes":""},"class_list":["post-28137","page","type-page","status-publish","hentry"],"acf":[],"_links":{"self":[{"href":"https:\/\/deev.pe\/en\/wp-json\/wp\/v2\/pages\/28137","targetHints":{"allow":["GET"]}}],"collection":[{"href":"https:\/\/deev.pe\/en\/wp-json\/wp\/v2\/pages"}],"about":[{"href":"https:\/\/deev.pe\/en\/wp-json\/wp\/v2\/types\/page"}],"author":[{"embeddable":true,"href":"https:\/\/deev.pe\/en\/wp-json\/wp\/v2\/users\/1"}],"replies":[{"embeddable":true,"href":"https:\/\/deev.pe\/en\/wp-json\/wp\/v2\/comments?post=28137"}],"version-history":[{"count":0,"href":"https:\/\/deev.pe\/en\/wp-json\/wp\/v2\/pages\/28137\/revisions"}],"up":[{"embeddable":true,"href":"https:\/\/deev.pe\/en\/wp-json\/wp\/v2\/pages\/27974"}],"wp:attachment":[{"href":"https:\/\/deev.pe\/en\/wp-json\/wp\/v2\/media?parent=28137"}],"curies":[{"name":"wp","href":"https:\/\/api.w.org\/{rel}","templated":true}]}}