{"id":28183,"date":"2025-09-30T12:27:46","date_gmt":"2025-09-30T17:27:46","guid":{"rendered":"https:\/\/deev.pe\/?page_id=28183"},"modified":"2026-02-06T13:58:41","modified_gmt":"2026-02-06T18:58:41","slug":"auspicios","status":"publish","type":"page","link":"https:\/\/deev.pe\/en\/cierre-de-minas\/auspicios\/","title":{"rendered":"Congreso Cierre de Minas 2026 &#8211; Auspicios"},"content":{"rendered":"<div data-elementor-type=\"wp-page\" data-elementor-id=\"28183\" class=\"elementor elementor-28183\" data-elementor-post-type=\"page\">\n\t\t\t\t<div class=\"elementor-element elementor-element-279012e e-flex e-con-boxed e-con e-parent\" data-id=\"279012e\" data-element_type=\"container\" data-settings=\"{&quot;background_background&quot;:&quot;classic&quot;}\">\n\t\t\t\t\t<div class=\"e-con-inner\">\n\t\t<a class=\"elementor-element elementor-element-ff55ad1 c_logo e-con-full e-flex e-con e-child\" data-id=\"ff55ad1\" data-element_type=\"container\" href=\"https:\/\/deev.pe\/en\/congreso-relaves\/\">\n\t\t\t\t<div class=\"elementor-element elementor-element-ead3906 elementor-widget elementor-widget-image\" data-id=\"ead3906\" data-element_type=\"widget\" data-widget_type=\"image.default\">\n\t\t\t\t<div class=\"elementor-widget-container\">\n\t\t\t\t\t\t\t\t\t\t\t\t\t\t\t<img fetchpriority=\"high\" decoding=\"async\" width=\"1000\" height=\"451\" src=\"https:\/\/deev.pe\/wp-content\/uploads\/2025\/08\/Logos-Congreso-Cierre-de-Minas.webp\" class=\"attachment-full size-full wp-image-27629\" alt=\"\" srcset=\"https:\/\/deev.pe\/wp-content\/uploads\/2025\/08\/Logos-Congreso-Cierre-de-Minas.webp 1000w, https:\/\/deev.pe\/wp-content\/uploads\/2025\/08\/Logos-Congreso-Cierre-de-Minas-300x135.webp 300w, https:\/\/deev.pe\/wp-content\/uploads\/2025\/08\/Logos-Congreso-Cierre-de-Minas-768x346.webp 768w, https:\/\/deev.pe\/wp-content\/uploads\/2025\/08\/Logos-Congreso-Cierre-de-Minas-18x8.webp 18w, https:\/\/deev.pe\/wp-content\/uploads\/2025\/08\/Logos-Congreso-Cierre-de-Minas-600x271.webp 600w\" sizes=\"(max-width: 1000px) 100vw, 1000px\" \/>\t\t\t\t\t\t\t\t\t\t\t\t\t\t\t<\/div>\n\t\t\t\t<\/div>\n\t\t\t\t<div class=\"elementor-element elementor-element-6dc90cf elementor-widget__width-initial elementor-widget-divider--view-line elementor-widget elementor-widget-divider\" data-id=\"6dc90cf\" data-element_type=\"widget\" data-widget_type=\"divider.default\">\n\t\t\t\t<div class=\"elementor-widget-container\">\n\t\t\t\t\t\t\t<div class=\"elementor-divider\">\n\t\t\t<span class=\"elementor-divider-separator\">\n\t\t\t\t\t\t<\/span>\n\t\t<\/div>\n\t\t\t\t\t\t<\/div>\n\t\t\t\t<\/div>\n\t\t\t\t<div class=\"elementor-element elementor-element-c0f6068 elementor-widget__width-initial elementor-widget elementor-widget-heading\" data-id=\"c0f6068\" data-element_type=\"widget\" data-widget_type=\"heading.default\">\n\t\t\t\t<div class=\"elementor-widget-container\">\n\t\t\t\t\t<h2 class=\"elementor-heading-title elementor-size-default\">Integrated Project Management for Circularity, Sustainability and a Positive Legacy<\/h2>\t\t\t\t<\/div>\n\t\t\t\t<\/div>\n\t\t\t\t<\/a>\n\t\t\t\t<div class=\"elementor-element elementor-element-ce628ac elementor-align-center elementor-widget elementor-widget-button\" data-id=\"ce628ac\" data-element_type=\"widget\" data-widget_type=\"button.default\">\n\t\t\t\t<div class=\"elementor-widget-container\">\n\t\t\t\t\t\t\t\t\t<div class=\"elementor-button-wrapper\">\n\t\t\t\t\t<a class=\"elementor-button elementor-size-sm\" role=\"button\">\n\t\t\t\t\t\t<span class=\"elementor-button-content-wrapper\">\n\t\t\t\t\t\t\t\t\t<span class=\"elementor-button-text\">APRIL 23 &amp; 24 2026<\/span>\n\t\t\t\t\t<\/span>\n\t\t\t\t\t<\/a>\n\t\t\t\t<\/div>\n\t\t\t\t\t\t\t\t<\/div>\n\t\t\t\t<\/div>\n\t\t\t\t\t<\/div>\n\t\t\t\t<\/div>\n\t\t<div class=\"elementor-element elementor-element-afdbcbd e-flex e-con-boxed e-con e-parent\" data-id=\"afdbcbd\" data-element_type=\"container\">\n\t\t\t\t\t<div class=\"e-con-inner\">\n\t\t\t\t<div class=\"elementor-element elementor-element-15733fd elementor-widget elementor-widget-heading\" data-id=\"15733fd\" data-element_type=\"widget\" data-widget_type=\"heading.default\">\n\t\t\t\t<div class=\"elementor-widget-container\">\n\t\t\t\t\t<h3 class=\"elementor-heading-title elementor-size-default\">STRATEGIC SPONSORSHIP OPPORTUNITIES<\/h3>\t\t\t\t<\/div>\n\t\t\t\t<\/div>\n\t\t\t\t<div class=\"elementor-element elementor-element-1f99ff4 elementor-widget elementor-widget-text-editor\" data-id=\"1f99ff4\" data-element_type=\"widget\" data-widget_type=\"text-editor.default\">\n\t\t\t\t<div class=\"elementor-widget-container\">\n\t\t\t\t\t\t\t\t\t<p>Connect your brand with the leaders shaping the future of responsible mining.<\/p>\t\t\t\t\t\t\t\t<\/div>\n\t\t\t\t<\/div>\n\t\t\t\t<div class=\"elementor-element elementor-element-4613853 elementor-align-center elementor-widget elementor-widget-button\" data-id=\"4613853\" data-element_type=\"widget\" data-widget_type=\"button.default\">\n\t\t\t\t<div class=\"elementor-widget-container\">\n\t\t\t\t\t\t\t\t\t<div class=\"elementor-button-wrapper\">\n\t\t\t\t\t<a class=\"elementor-button elementor-button-link elementor-size-sm\" href=\"https:\/\/deev.pe\/wp-content\/uploads\/2025\/09\/BASES-DE-AUSPICIO-CIERRE-DE-MINAS-2026.pdf\" target=\"_blank\">\n\t\t\t\t\t\t<span class=\"elementor-button-content-wrapper\">\n\t\t\t\t\t\t\t\t\t<span class=\"elementor-button-text\">3. VIEW THE SPONSORSHIP OPPORTUNITIES <\/span>\n\t\t\t\t\t<\/span>\n\t\t\t\t\t<\/a>\n\t\t\t\t<\/div>\n\t\t\t\t\t\t\t\t<\/div>\n\t\t\t\t<\/div>\n\t\t<div class=\"elementor-element elementor-element-2d8875f e-con-full e-flex e-con e-child\" data-id=\"2d8875f\" data-element_type=\"container\">\n\t\t\t\t<div class=\"elementor-element elementor-element-6dec045 elementor-widget elementor-widget-image\" data-id=\"6dec045\" data-element_type=\"widget\" data-widget_type=\"image.default\">\n\t\t\t\t<div class=\"elementor-widget-container\">\n\t\t\t\t\t\t\t\t\t\t\t\t\t\t\t<img decoding=\"async\" width=\"1920\" height=\"2560\" src=\"https:\/\/deev.pe\/wp-content\/uploads\/2025\/09\/5331703293ff8e877fdddcbf5ab2b09de868d3f3-scaled.jpg\" class=\"attachment-full size-full wp-image-28191\" alt=\"\" srcset=\"https:\/\/deev.pe\/wp-content\/uploads\/2025\/09\/5331703293ff8e877fdddcbf5ab2b09de868d3f3-scaled.jpg 1920w, https:\/\/deev.pe\/wp-content\/uploads\/2025\/09\/5331703293ff8e877fdddcbf5ab2b09de868d3f3-225x300.jpg 225w, https:\/\/deev.pe\/wp-content\/uploads\/2025\/09\/5331703293ff8e877fdddcbf5ab2b09de868d3f3-768x1024.jpg 768w, https:\/\/deev.pe\/wp-content\/uploads\/2025\/09\/5331703293ff8e877fdddcbf5ab2b09de868d3f3-1152x1536.jpg 1152w, https:\/\/deev.pe\/wp-content\/uploads\/2025\/09\/5331703293ff8e877fdddcbf5ab2b09de868d3f3-1536x2048.jpg 1536w, https:\/\/deev.pe\/wp-content\/uploads\/2025\/09\/5331703293ff8e877fdddcbf5ab2b09de868d3f3-9x12.jpg 9w, https:\/\/deev.pe\/wp-content\/uploads\/2025\/09\/5331703293ff8e877fdddcbf5ab2b09de868d3f3-600x800.jpg 600w\" sizes=\"(max-width: 1920px) 100vw, 1920px\" \/>\t\t\t\t\t\t\t\t\t\t\t\t\t\t\t<\/div>\n\t\t\t\t<\/div>\n\t\t\t\t<div class=\"elementor-element elementor-element-cc97f0e elementor-widget elementor-widget-image\" data-id=\"cc97f0e\" data-element_type=\"widget\" data-widget_type=\"image.default\">\n\t\t\t\t<div class=\"elementor-widget-container\">\n\t\t\t\t\t\t\t\t\t\t\t\t\t\t\t<img decoding=\"async\" width=\"1350\" height=\"900\" src=\"https:\/\/deev.pe\/wp-content\/uploads\/2025\/08\/STANS-2.webp\" class=\"attachment-full size-full wp-image-26721\" alt=\"\" srcset=\"https:\/\/deev.pe\/wp-content\/uploads\/2025\/08\/STANS-2.webp 1350w, https:\/\/deev.pe\/wp-content\/uploads\/2025\/08\/STANS-2-300x200.webp 300w, https:\/\/deev.pe\/wp-content\/uploads\/2025\/08\/STANS-2-1024x683.webp 1024w, https:\/\/deev.pe\/wp-content\/uploads\/2025\/08\/STANS-2-768x512.webp 768w, https:\/\/deev.pe\/wp-content\/uploads\/2025\/08\/STANS-2-18x12.webp 18w, https:\/\/deev.pe\/wp-content\/uploads\/2025\/08\/STANS-2-600x400.webp 600w\" sizes=\"(max-width: 1350px) 100vw, 1350px\" \/>\t\t\t\t\t\t\t\t\t\t\t\t\t\t\t<\/div>\n\t\t\t\t<\/div>\n\t\t\t\t<div class=\"elementor-element elementor-element-ab08a81 elementor-widget elementor-widget-image\" data-id=\"ab08a81\" data-element_type=\"widget\" data-widget_type=\"image.default\">\n\t\t\t\t<div class=\"elementor-widget-container\">\n\t\t\t\t\t\t\t\t\t\t\t\t\t\t\t<img loading=\"lazy\" decoding=\"async\" width=\"1080\" height=\"1350\" src=\"https:\/\/deev.pe\/wp-content\/uploads\/2025\/09\/fe9f7ef84323f52b5180d7d83fbed59d040673bd.png\" class=\"attachment-full size-full wp-image-28190\" alt=\"\" srcset=\"https:\/\/deev.pe\/wp-content\/uploads\/2025\/09\/fe9f7ef84323f52b5180d7d83fbed59d040673bd.png 1080w, https:\/\/deev.pe\/wp-content\/uploads\/2025\/09\/fe9f7ef84323f52b5180d7d83fbed59d040673bd-240x300.png 240w, https:\/\/deev.pe\/wp-content\/uploads\/2025\/09\/fe9f7ef84323f52b5180d7d83fbed59d040673bd-819x1024.png 819w, https:\/\/deev.pe\/wp-content\/uploads\/2025\/09\/fe9f7ef84323f52b5180d7d83fbed59d040673bd-768x960.png 768w, https:\/\/deev.pe\/wp-content\/uploads\/2025\/09\/fe9f7ef84323f52b5180d7d83fbed59d040673bd-10x12.png 10w, https:\/\/deev.pe\/wp-content\/uploads\/2025\/09\/fe9f7ef84323f52b5180d7d83fbed59d040673bd-600x750.png 600w\" sizes=\"(max-width: 1080px) 100vw, 1080px\" \/>\t\t\t\t\t\t\t\t\t\t\t\t\t\t\t<\/div>\n\t\t\t\t<\/div>\n\t\t\t\t<\/div>\n\t\t\t\t\t<\/div>\n\t\t\t\t<\/div>\n\t\t<div class=\"elementor-element elementor-element-57a70cc e-flex e-con-boxed e-con e-parent\" data-id=\"57a70cc\" data-element_type=\"container\">\n\t\t\t\t\t<div class=\"e-con-inner\">\n\t\t\t\t<div class=\"elementor-element elementor-element-6fec424 elementor-widget elementor-widget-heading\" data-id=\"6fec424\" data-element_type=\"widget\" data-widget_type=\"heading.default\">\n\t\t\t\t<div class=\"elementor-widget-container\">\n\t\t\t\t\t<h3 class=\"elementor-heading-title elementor-size-default\">SPONSORSHIP BENEFITS<\/h3>\t\t\t\t<\/div>\n\t\t\t\t<\/div>\n\t\t<div class=\"elementor-element elementor-element-0e280bd e-con-full e-flex e-con e-child\" data-id=\"0e280bd\" data-element_type=\"container\">\n\t\t<div class=\"elementor-element elementor-element-e564602 e-con-full e-flex e-con e-child\" data-id=\"e564602\" data-element_type=\"container\" data-settings=\"{&quot;background_background&quot;:&quot;classic&quot;}\">\n\t\t\t\t<div class=\"elementor-element elementor-element-0017913 elementor-widget-mobile__width-initial elementor-widget elementor-widget-text-editor\" data-id=\"0017913\" data-element_type=\"widget\" data-widget_type=\"text-editor.default\">\n\t\t\t\t<div class=\"elementor-widget-container\">\n\t\t\t\t\t\t\t\t\t<p><strong>Highlight<\/strong> your brand at the only Congress in Peru dedicated to addressing mine closure challenges with a strong focus on sustainability and the circular economy.<\/p>\t\t\t\t\t\t\t\t<\/div>\n\t\t\t\t<\/div>\n\t\t\t\t<\/div>\n\t\t<div class=\"elementor-element elementor-element-b4c6d6d e-con-full e-flex e-con e-child\" data-id=\"b4c6d6d\" data-element_type=\"container\" data-settings=\"{&quot;background_background&quot;:&quot;classic&quot;}\">\n\t\t\t\t<div class=\"elementor-element elementor-element-5636930 elementor-widget-mobile__width-initial elementor-widget elementor-widget-text-editor\" data-id=\"5636930\" data-element_type=\"widget\" data-widget_type=\"text-editor.default\">\n\t\t\t\t<div class=\"elementor-widget-container\">\n\t\t\t\t\t\t\t\t\t<p><strong>Take part<\/strong> in the commercial exhibition and showcase your innovative technologies and solutions, strengthening your leadership in innovation and sustainability.<\/p>\t\t\t\t\t\t\t\t<\/div>\n\t\t\t\t<\/div>\n\t\t\t\t<\/div>\n\t\t<div class=\"elementor-element elementor-element-4d35b7a e-con-full e-flex e-con e-child\" data-id=\"4d35b7a\" data-element_type=\"container\" data-settings=\"{&quot;background_background&quot;:&quot;classic&quot;}\">\n\t\t\t\t<div class=\"elementor-element elementor-element-06bc6b0 elementor-widget-mobile__width-initial elementor-widget elementor-widget-text-editor\" data-id=\"06bc6b0\" data-element_type=\"widget\" data-widget_type=\"text-editor.default\">\n\t\t\t\t<div class=\"elementor-widget-container\">\n\t\t\t\t\t\t\t\t\t<p><strong>Connect<\/strong> with a highly specialized audience directly involved in the transition toward responsible mine closure with a positive legacy.<\/p>\t\t\t\t\t\t\t\t<\/div>\n\t\t\t\t<\/div>\n\t\t\t\t<\/div>\n\t\t<div class=\"elementor-element elementor-element-84c8652 e-con-full e-flex e-con e-child\" data-id=\"84c8652\" data-element_type=\"container\" data-settings=\"{&quot;background_background&quot;:&quot;classic&quot;}\">\n\t\t\t\t<div class=\"elementor-element elementor-element-1b080f1 elementor-widget-mobile__width-initial elementor-widget elementor-widget-text-editor\" data-id=\"1b080f1\" data-element_type=\"widget\" data-widget_type=\"text-editor.default\">\n\t\t\t\t<div class=\"elementor-widget-container\">\n\t\t\t\t\t\t\t\t\t<p><strong>Share<\/strong> your expertise and innovative solutions to address the most critical mine closure challenges, contributing to the sustainable development of the sector.<\/p>\t\t\t\t\t\t\t\t<\/div>\n\t\t\t\t<\/div>\n\t\t\t\t<\/div>\n\t\t<div class=\"elementor-element elementor-element-79361fa e-con-full e-flex e-con e-child\" data-id=\"79361fa\" data-element_type=\"container\" data-settings=\"{&quot;background_background&quot;:&quot;classic&quot;}\">\n\t\t\t\t<div class=\"elementor-element elementor-element-723fc57 elementor-widget-mobile__width-initial elementor-widget elementor-widget-text-editor\" data-id=\"723fc57\" data-element_type=\"widget\" data-widget_type=\"text-editor.default\">\n\t\t\t\t<div class=\"elementor-widget-container\">\n\t\t\t\t\t\t\t\t\t<p><strong>Strengthen<\/strong> key relationships with mining operations, technology partners and strategic allies - key stakeholders in the transition toward safe, responsible and sustainable mine closure.<\/p>\t\t\t\t\t\t\t\t<\/div>\n\t\t\t\t<\/div>\n\t\t\t\t<\/div>\n\t\t\t\t<\/div>\n\t\t\t\t\t<\/div>\n\t\t\t\t<\/div>\n\t\t<div class=\"elementor-element elementor-element-907e022 e-flex e-con-boxed e-con e-parent\" data-id=\"907e022\" data-element_type=\"container\">\n\t\t\t\t\t<div class=\"e-con-inner\">\n\t\t\t\t<div class=\"elementor-element elementor-element-b327e41 elementor-widget elementor-widget-heading\" data-id=\"b327e41\" data-element_type=\"widget\" data-widget_type=\"heading.default\">\n\t\t\t\t<div class=\"elementor-widget-container\">\n\t\t\t\t\t<h3 class=\"elementor-heading-title elementor-size-default\">WHO ATTENDS THE CONGRESS?<\/h3>\t\t\t\t<\/div>\n\t\t\t\t<\/div>\n\t\t\t\t<div class=\"elementor-element elementor-element-0f73898 elementor-widget elementor-widget-image\" data-id=\"0f73898\" data-element_type=\"widget\" data-widget_type=\"image.default\">\n\t\t\t\t<div class=\"elementor-widget-container\">\n\t\t\t\t\t\t\t\t\t\t\t\t\t\t\t<img loading=\"lazy\" decoding=\"async\" width=\"1024\" height=\"418\" src=\"https:\/\/deev.pe\/wp-content\/uploads\/2026\/02\/PERFIL-PROFESIONAL-CM.png\" class=\"attachment-full size-full wp-image-29929\" alt=\"\" srcset=\"https:\/\/deev.pe\/wp-content\/uploads\/2026\/02\/PERFIL-PROFESIONAL-CM.png 1024w, https:\/\/deev.pe\/wp-content\/uploads\/2026\/02\/PERFIL-PROFESIONAL-CM-300x122.png 300w, https:\/\/deev.pe\/wp-content\/uploads\/2026\/02\/PERFIL-PROFESIONAL-CM-768x314.png 768w, https:\/\/deev.pe\/wp-content\/uploads\/2026\/02\/PERFIL-PROFESIONAL-CM-18x7.png 18w, https:\/\/deev.pe\/wp-content\/uploads\/2026\/02\/PERFIL-PROFESIONAL-CM-600x245.png 600w\" sizes=\"(max-width: 1024px) 100vw, 1024px\" \/>\t\t\t\t\t\t\t\t\t\t\t\t\t\t\t<\/div>\n\t\t\t\t<\/div>\n\t\t\t\t<div class=\"elementor-element elementor-element-2616869 elementor-widget elementor-widget-image\" data-id=\"2616869\" data-element_type=\"widget\" data-widget_type=\"image.default\">\n\t\t\t\t<div class=\"elementor-widget-container\">\n\t\t\t\t\t\t\t\t\t\t\t\t\t\t\t<img loading=\"lazy\" decoding=\"async\" width=\"1024\" height=\"418\" src=\"https:\/\/deev.pe\/wp-content\/uploads\/2026\/02\/PERFIL-COMPANIA-CM.png\" class=\"attachment-full size-full wp-image-29930\" alt=\"\" srcset=\"https:\/\/deev.pe\/wp-content\/uploads\/2026\/02\/PERFIL-COMPANIA-CM.png 1024w, https:\/\/deev.pe\/wp-content\/uploads\/2026\/02\/PERFIL-COMPANIA-CM-300x122.png 300w, https:\/\/deev.pe\/wp-content\/uploads\/2026\/02\/PERFIL-COMPANIA-CM-768x314.png 768w, https:\/\/deev.pe\/wp-content\/uploads\/2026\/02\/PERFIL-COMPANIA-CM-18x7.png 18w, https:\/\/deev.pe\/wp-content\/uploads\/2026\/02\/PERFIL-COMPANIA-CM-600x245.png 600w\" sizes=\"(max-width: 1024px) 100vw, 1024px\" \/>\t\t\t\t\t\t\t\t\t\t\t\t\t\t\t<\/div>\n\t\t\t\t<\/div>\n\t\t\t\t\t<\/div>\n\t\t\t\t<\/div>\n\t\t<div class=\"elementor-element elementor-element-0937e8d e-flex e-con-boxed e-con e-parent\" data-id=\"0937e8d\" data-element_type=\"container\">\n\t\t\t\t\t<div class=\"e-con-inner\">\n\t\t\t\t<div class=\"elementor-element elementor-element-2b093c9 elementor-widget elementor-widget-heading\" data-id=\"2b093c9\" data-element_type=\"widget\" data-widget_type=\"heading.default\">\n\t\t\t\t<div class=\"elementor-widget-container\">\n\t\t\t\t\t<h3 class=\"elementor-heading-title elementor-size-default\"><a href=\"mailto:pgiuria@deev.com.pe?subject=Consulta%20de%20auspicio%20%7C%20Congreso%20Cierre%20de%20Minas\" target=\"_blank\">I WANT TO SPONSOR<\/a><\/h3>\t\t\t\t<\/div>\n\t\t\t\t<\/div>\n\t\t<div class=\"elementor-element elementor-element-6e87ae9 e-con-full e-flex e-con e-child\" data-id=\"6e87ae9\" data-element_type=\"container\">\n\t\t\t\t<div class=\"elementor-element elementor-element-de451a8 elementor-widget elementor-widget-image\" data-id=\"de451a8\" data-element_type=\"widget\" data-widget_type=\"image.default\">\n\t\t\t\t<div class=\"elementor-widget-container\">\n\t\t\t\t\t\t\t\t\t\t\t\t\t\t\t<img loading=\"lazy\" decoding=\"async\" width=\"1707\" height=\"2560\" src=\"https:\/\/deev.pe\/wp-content\/uploads\/2025\/09\/ec539530d1f8978eb6109bd41a2ee6d9c0b1bee0-scaled.jpg\" class=\"attachment-full size-full wp-image-28227\" alt=\"\" srcset=\"https:\/\/deev.pe\/wp-content\/uploads\/2025\/09\/ec539530d1f8978eb6109bd41a2ee6d9c0b1bee0-scaled.jpg 1707w, https:\/\/deev.pe\/wp-content\/uploads\/2025\/09\/ec539530d1f8978eb6109bd41a2ee6d9c0b1bee0-200x300.jpg 200w, https:\/\/deev.pe\/wp-content\/uploads\/2025\/09\/ec539530d1f8978eb6109bd41a2ee6d9c0b1bee0-683x1024.jpg 683w, https:\/\/deev.pe\/wp-content\/uploads\/2025\/09\/ec539530d1f8978eb6109bd41a2ee6d9c0b1bee0-768x1152.jpg 768w, https:\/\/deev.pe\/wp-content\/uploads\/2025\/09\/ec539530d1f8978eb6109bd41a2ee6d9c0b1bee0-1024x1536.jpg 1024w, https:\/\/deev.pe\/wp-content\/uploads\/2025\/09\/ec539530d1f8978eb6109bd41a2ee6d9c0b1bee0-1365x2048.jpg 1365w, https:\/\/deev.pe\/wp-content\/uploads\/2025\/09\/ec539530d1f8978eb6109bd41a2ee6d9c0b1bee0-8x12.jpg 8w, https:\/\/deev.pe\/wp-content\/uploads\/2025\/09\/ec539530d1f8978eb6109bd41a2ee6d9c0b1bee0-600x900.jpg 600w\" sizes=\"(max-width: 1707px) 100vw, 1707px\" \/>\t\t\t\t\t\t\t\t\t\t\t\t\t\t\t<\/div>\n\t\t\t\t<\/div>\n\t\t\t\t<div class=\"elementor-element elementor-element-72bf3d8 elementor-widget elementor-widget-image\" data-id=\"72bf3d8\" data-element_type=\"widget\" data-widget_type=\"image.default\">\n\t\t\t\t<div class=\"elementor-widget-container\">\n\t\t\t\t\t\t\t\t\t\t\t\t\t\t\t<img loading=\"lazy\" decoding=\"async\" width=\"2560\" height=\"1707\" src=\"https:\/\/deev.pe\/wp-content\/uploads\/2025\/09\/0296a56c8ae5a519333d78dbcbd42625c8ce335f-scaled.jpg\" class=\"attachment-full size-full wp-image-28226\" alt=\"\" srcset=\"https:\/\/deev.pe\/wp-content\/uploads\/2025\/09\/0296a56c8ae5a519333d78dbcbd42625c8ce335f-scaled.jpg 2560w, https:\/\/deev.pe\/wp-content\/uploads\/2025\/09\/0296a56c8ae5a519333d78dbcbd42625c8ce335f-300x200.jpg 300w, https:\/\/deev.pe\/wp-content\/uploads\/2025\/09\/0296a56c8ae5a519333d78dbcbd42625c8ce335f-1024x683.jpg 1024w, https:\/\/deev.pe\/wp-content\/uploads\/2025\/09\/0296a56c8ae5a519333d78dbcbd42625c8ce335f-768x512.jpg 768w, https:\/\/deev.pe\/wp-content\/uploads\/2025\/09\/0296a56c8ae5a519333d78dbcbd42625c8ce335f-1536x1024.jpg 1536w, https:\/\/deev.pe\/wp-content\/uploads\/2025\/09\/0296a56c8ae5a519333d78dbcbd42625c8ce335f-2048x1365.jpg 2048w, https:\/\/deev.pe\/wp-content\/uploads\/2025\/09\/0296a56c8ae5a519333d78dbcbd42625c8ce335f-18x12.jpg 18w, https:\/\/deev.pe\/wp-content\/uploads\/2025\/09\/0296a56c8ae5a519333d78dbcbd42625c8ce335f-600x400.jpg 600w\" sizes=\"(max-width: 2560px) 100vw, 2560px\" \/>\t\t\t\t\t\t\t\t\t\t\t\t\t\t\t<\/div>\n\t\t\t\t<\/div>\n\t\t\t\t<div class=\"elementor-element elementor-element-1453677 elementor-widget elementor-widget-image\" data-id=\"1453677\" data-element_type=\"widget\" data-widget_type=\"image.default\">\n\t\t\t\t<div class=\"elementor-widget-container\">\n\t\t\t\t\t\t\t\t\t\t\t\t\t\t\t<img loading=\"lazy\" decoding=\"async\" width=\"1707\" height=\"2560\" src=\"https:\/\/deev.pe\/wp-content\/uploads\/2025\/09\/e21c89096b8b5f47acbfcfe113a8872cebbe578f-scaled.jpg\" class=\"attachment-full size-full wp-image-28228\" alt=\"\" srcset=\"https:\/\/deev.pe\/wp-content\/uploads\/2025\/09\/e21c89096b8b5f47acbfcfe113a8872cebbe578f-scaled.jpg 1707w, https:\/\/deev.pe\/wp-content\/uploads\/2025\/09\/e21c89096b8b5f47acbfcfe113a8872cebbe578f-200x300.jpg 200w, https:\/\/deev.pe\/wp-content\/uploads\/2025\/09\/e21c89096b8b5f47acbfcfe113a8872cebbe578f-683x1024.jpg 683w, https:\/\/deev.pe\/wp-content\/uploads\/2025\/09\/e21c89096b8b5f47acbfcfe113a8872cebbe578f-768x1152.jpg 768w, https:\/\/deev.pe\/wp-content\/uploads\/2025\/09\/e21c89096b8b5f47acbfcfe113a8872cebbe578f-1024x1536.jpg 1024w, https:\/\/deev.pe\/wp-content\/uploads\/2025\/09\/e21c89096b8b5f47acbfcfe113a8872cebbe578f-1365x2048.jpg 1365w, https:\/\/deev.pe\/wp-content\/uploads\/2025\/09\/e21c89096b8b5f47acbfcfe113a8872cebbe578f-8x12.jpg 8w, https:\/\/deev.pe\/wp-content\/uploads\/2025\/09\/e21c89096b8b5f47acbfcfe113a8872cebbe578f-600x900.jpg 600w\" sizes=\"(max-width: 1707px) 100vw, 1707px\" \/>\t\t\t\t\t\t\t\t\t\t\t\t\t\t\t<\/div>\n\t\t\t\t<\/div>\n\t\t\t\t<\/div>\n\t\t\t\t\t<\/div>\n\t\t\t\t<\/div>\n\t\t\t\t<\/div>","protected":false},"excerpt":{"rendered":"<p>GESTI\u00d3N DE PROYECTO INTEGRAL, CIRCULAR, SOSTENIBLE Y CON LEGADO POSITIVO 23 &amp; 24 Abril 2026 OPORTUNIDADES PARA AUSPICIAR Conecta tu marca con los l\u00edderes que construyen el futuro de la miner\u00eda responsable. BASE DE AUSPICIOS BENEFICIOS DE AUSPICIAR Destaque su marca en el \u00fanico Congreso en Per\u00fa que aborda los desaf\u00edos del cierre de minas [&hellip;]<\/p>","protected":false},"author":1,"featured_media":0,"parent":22274,"menu_order":0,"comment_status":"closed","ping_status":"closed","template":"elementor_header_footer","meta":{"_acf_changed":false,"footnotes":""},"class_list":["post-28183","page","type-page","status-publish","hentry"],"acf":[],"_links":{"self":[{"href":"https:\/\/deev.pe\/en\/wp-json\/wp\/v2\/pages\/28183","targetHints":{"allow":["GET"]}}],"collection":[{"href":"https:\/\/deev.pe\/en\/wp-json\/wp\/v2\/pages"}],"about":[{"href":"https:\/\/deev.pe\/en\/wp-json\/wp\/v2\/types\/page"}],"author":[{"embeddable":true,"href":"https:\/\/deev.pe\/en\/wp-json\/wp\/v2\/users\/1"}],"replies":[{"embeddable":true,"href":"https:\/\/deev.pe\/en\/wp-json\/wp\/v2\/comments?post=28183"}],"version-history":[{"count":0,"href":"https:\/\/deev.pe\/en\/wp-json\/wp\/v2\/pages\/28183\/revisions"}],"up":[{"embeddable":true,"href":"https:\/\/deev.pe\/en\/wp-json\/wp\/v2\/pages\/22274"}],"wp:attachment":[{"href":"https:\/\/deev.pe\/en\/wp-json\/wp\/v2\/media?parent=28183"}],"curies":[{"name":"wp","href":"https:\/\/api.w.org\/{rel}","templated":true}]}}