{"id":30423,"date":"2026-04-08T12:39:10","date_gmt":"2026-04-08T17:39:10","guid":{"rendered":"https:\/\/deev.pe\/?page_id=30423"},"modified":"2026-04-17T19:14:51","modified_gmt":"2026-04-18T00:14:51","slug":"casos-destacados","status":"publish","type":"page","link":"https:\/\/deev.pe\/en\/cierre-de-minas\/casos-destacados\/","title":{"rendered":"Congreso Cierre de Minas 2026 \u2013 Casos Destacados"},"content":{"rendered":"<div data-elementor-type=\"wp-page\" data-elementor-id=\"30423\" class=\"elementor elementor-30423\" data-elementor-post-type=\"page\">\n\t\t\t\t<div class=\"elementor-element elementor-element-0e52548 e-flex e-con-boxed e-con e-parent\" data-id=\"0e52548\" data-element_type=\"container\" data-e-type=\"container\" data-settings=\"{&quot;background_background&quot;:&quot;classic&quot;}\">\n\t\t\t\t\t<div class=\"e-con-inner\">\n\t\t<a class=\"elementor-element elementor-element-7231042 c_logo e-con-full e-flex e-con e-child\" data-id=\"7231042\" data-element_type=\"container\" data-e-type=\"container\">\n\t\t\t\t<div class=\"elementor-element elementor-element-f606992 elementor-widget elementor-widget-image\" data-id=\"f606992\" data-element_type=\"widget\" data-e-type=\"widget\" data-widget_type=\"image.default\">\n\t\t\t\t<div class=\"elementor-widget-container\">\n\t\t\t\t\t\t\t\t\t\t\t\t\t\t\t<img fetchpriority=\"high\" decoding=\"async\" width=\"1000\" height=\"451\" src=\"https:\/\/deev.pe\/wp-content\/uploads\/2025\/08\/Logos-Congreso-Cierre-de-Minas.webp\" class=\"attachment-full size-full wp-image-27629\" alt=\"\" srcset=\"https:\/\/deev.pe\/wp-content\/uploads\/2025\/08\/Logos-Congreso-Cierre-de-Minas.webp 1000w, https:\/\/deev.pe\/wp-content\/uploads\/2025\/08\/Logos-Congreso-Cierre-de-Minas-300x135.webp 300w, https:\/\/deev.pe\/wp-content\/uploads\/2025\/08\/Logos-Congreso-Cierre-de-Minas-768x346.webp 768w, https:\/\/deev.pe\/wp-content\/uploads\/2025\/08\/Logos-Congreso-Cierre-de-Minas-18x8.webp 18w, https:\/\/deev.pe\/wp-content\/uploads\/2025\/08\/Logos-Congreso-Cierre-de-Minas-600x271.webp 600w\" sizes=\"(max-width: 1000px) 100vw, 1000px\" \/>\t\t\t\t\t\t\t\t\t\t\t\t\t\t\t<\/div>\n\t\t\t\t<\/div>\n\t\t\t\t<div class=\"elementor-element elementor-element-a60bdd5 elementor-widget__width-initial elementor-widget-divider--view-line elementor-widget elementor-widget-divider\" data-id=\"a60bdd5\" data-element_type=\"widget\" data-e-type=\"widget\" data-widget_type=\"divider.default\">\n\t\t\t\t<div class=\"elementor-widget-container\">\n\t\t\t\t\t\t\t<div class=\"elementor-divider\">\n\t\t\t<span class=\"elementor-divider-separator\">\n\t\t\t\t\t\t<\/span>\n\t\t<\/div>\n\t\t\t\t\t\t<\/div>\n\t\t\t\t<\/div>\n\t\t\t\t<div class=\"elementor-element elementor-element-980dd3c elementor-widget__width-initial elementor-widget elementor-widget-heading\" data-id=\"980dd3c\" data-element_type=\"widget\" data-e-type=\"widget\" data-widget_type=\"heading.default\">\n\t\t\t\t<div class=\"elementor-widget-container\">\n\t\t\t\t\t<h2 class=\"elementor-heading-title elementor-size-default\">Integrated Project Management for Circularity, Sustainability and a Positive Legacy<\/h2>\t\t\t\t<\/div>\n\t\t\t\t<\/div>\n\t\t\t\t<\/a>\n\t\t\t\t<div class=\"elementor-element elementor-element-a8b5197 elementor-align-center elementor-widget elementor-widget-button\" data-id=\"a8b5197\" data-element_type=\"widget\" data-e-type=\"widget\" data-widget_type=\"button.default\">\n\t\t\t\t<div class=\"elementor-widget-container\">\n\t\t\t\t\t\t\t\t\t<div class=\"elementor-button-wrapper\">\n\t\t\t\t\t<a class=\"elementor-button elementor-size-sm\" role=\"button\">\n\t\t\t\t\t\t<span class=\"elementor-button-content-wrapper\">\n\t\t\t\t\t\t\t\t\t<span class=\"elementor-button-text\">APRIL 23 &amp; 24 2026<\/span>\n\t\t\t\t\t<\/span>\n\t\t\t\t\t<\/a>\n\t\t\t\t<\/div>\n\t\t\t\t\t\t\t\t<\/div>\n\t\t\t\t<\/div>\n\t\t\t\t\t<\/div>\n\t\t\t\t<\/div>\n\t\t<div class=\"elementor-element elementor-element-9a96516 e-flex e-con-boxed e-con e-parent\" data-id=\"9a96516\" data-element_type=\"container\" data-e-type=\"container\">\n\t\t\t\t\t<div class=\"e-con-inner\">\n\t\t\t\t<div class=\"elementor-element elementor-element-82c3d3a elementor-widget elementor-widget-heading\" data-id=\"82c3d3a\" data-element_type=\"widget\" data-e-type=\"widget\" data-settings=\"{&quot;_animation&quot;:&quot;none&quot;}\" data-widget_type=\"heading.default\">\n\t\t\t\t<div class=\"elementor-widget-container\">\n\t\t\t\t\t<h2 class=\"elementor-heading-title elementor-size-large\">CASOS DESTACADOS\n<\/h2>\t\t\t\t<\/div>\n\t\t\t\t<\/div>\n\t\t\t\t<div class=\"elementor-element elementor-element-6e6c44e elementor-widget elementor-widget-shortcode\" data-id=\"6e6c44e\" data-element_type=\"widget\" data-e-type=\"widget\" data-widget_type=\"shortcode.default\">\n\t\t\t\t<div class=\"elementor-widget-container\">\n\t\t\t\t\t\t\t<div class=\"elementor-shortcode\"><table id=\"dlp_89ddcb5312d6f3d1_1\" class=\"posts-data-table\" width=\"100%\" data-config=\"{&quot;pageLength&quot;:25,&quot;pagingType&quot;:&quot;numbers&quot;,&quot;serverSide&quot;:false,&quot;autoWidth&quot;:true,&quot;clickFilter&quot;:&quot;1&quot;,&quot;scrollOffset&quot;:15,&quot;resetButton&quot;:true,&quot;lengthMenu&quot;:[[10,25,50,100,-1],[10,25,50,100,&quot;All&quot;]],&quot;columnDefs&quot;:[{&quot;className&quot;:&quot;col-doc_author&quot;,&quot;targets&quot;:0},{&quot;className&quot;:&quot;col-empresa&quot;,&quot;targets&quot;:1},{&quot;className&quot;:&quot;col-cargo&quot;,&quot;targets&quot;:2},{&quot;className&quot;:&quot;col-title&quot;,&quot;targets&quot;:3},{&quot;className&quot;:&quot;col-excerpt&quot;,&quot;targets&quot;:4},{&quot;className&quot;:&quot;col-link&quot;,&quot;targets&quot;:5}],&quot;responsive&quot;:{&quot;details&quot;:{&quot;display&quot;:&quot;child_row&quot;}},&quot;language&quot;:{&quot;info&quot;:&quot;_TOTAL_ documents&quot;,&quot;infoEmpty&quot;:&quot;0 documents&quot;,&quot;emptyTable&quot;:&quot;No matching documents.&quot;,&quot;zeroRecords&quot;:&quot;No matching documents.&quot;,&quot;totalsSingle&quot;:&quot;document&quot;,&quot;totalsPlural&quot;:&quot;documents&quot;},&quot;dom&quot;:&quot;&lt;\\&quot;posts-table-wrapper em4u\\&quot;&lt;\\&quot;posts-table-above posts-table-controls\\&quot;f&gt;t&lt;\\&quot;posts-table-below posts-table-controls\\&quot;lip&gt;&gt;&quot;,&quot;multiDownloadButton&quot;:false,&quot;multiDownloadPosition&quot;:&quot;above&quot;,&quot;multiDownloadText&quot;:&quot;Download Selected Documents&quot;}\" data-filters=\"false\" data-order=\"[]\"><thead><tr><th class=\"all\" data-name=\"doc_author\" data-orderable=\"true\" data-searchable=\"true\" data-priority=\"10\">Autor<\/th><th data-name=\"cf_empresa\" data-orderable=\"true\" data-searchable=\"true\">Empresa<\/th><th data-name=\"cf_cargo\" data-orderable=\"true\" data-searchable=\"true\">Cargo<\/th><th data-name=\"title\" data-orderable=\"true\" data-searchable=\"true\" data-priority=\"1\">Titulo<\/th><th data-name=\"excerpt\" data-orderable=\"true\" data-searchable=\"true\" data-priority=\"4\">Resumen<\/th><th data-name=\"link\" data-orderable=\"false\" data-searchable=\"false\" data-priority=\"10\">Enlace<\/th><\/tr><\/thead><tbody><tr id=\"post-row-30434\" class=\"post-row post-type-dlp_document dlp_document-30434 publish\"><td><span data-slug=\"luis-felipe-rojas-gomez\">Luis Felipe Rojas Gomez<\/span><\/td><td>ANDDES PER\u00da<\/td><td>Ingeniero Geot\u00e9cnico<\/td><td>Consideraciones geot\u00e9cnicas para el dise\u00f1o de cierre de un dep\u00f3sito de relaves inactivo construido mediante el m\u00e9todo aguas arriba<\/td><td><p>El cierre de dep\u00f3sitos de relaves construidos mediante el m\u00e9todo aguas arriba requiere una evaluaci\u00f3n geot\u00e9cnica rigurosa debido a la fundaci\u00f3n sobre relaves saturados y la alta incertidumbre del modelo. El estudio integra investigaci\u00f3n geot\u00e9cnica avanzada (SCPTu), an\u00e1lisis de estabilidad y evaluaci\u00f3n de licuaci\u00f3n para condiciones est\u00e1ticas, s\u00edsmicas y post-licuaci\u00f3n. Se comparan criterios de dise\u00f1o bajo est\u00e1ndares GISTM y CDA, evidenciando diferencias en la necesidad de medidas de estabilizaci\u00f3n. Finalmente, se incorpora una evaluaci\u00f3n ambiental y de riesgos, destacando la influencia del r\u00e9gimen piezom\u00e9trico y la importancia del monitoreo &hellip;<\/p>\n<\/td><td><div class=\"dlp-table-document-link-wrap\"><a href=\"https:\/\/deev.pe\/wp-content\/uploads\/2026\/04\/Casos-Destacados_Anddes_Felipe-Rojas.pdf\" class=\"dlp-download-link dlp-download-button document-library-pro-button button btn\" data-download-id=\"30434\"  download=\"Casos-Destacados_Anddes_Felipe-Rojas.pdf\" type=\"application\/pdf\">Descargar<\/a><\/div><\/td><\/tr><tr id=\"post-row-30436\" class=\"post-row post-type-dlp_document dlp_document-30436 publish\"><td><span data-slug=\"richard-andi-solorzano-acosta\">Richard Andi Sol\u00f3rzano Acosta<\/span><\/td><td>Instituto Nacional de Innovaci\u00f3n Agraria<\/td><td>Coordinador de Investigaci\u00f3n \u2013 Proyecto Suelos<\/td><td>Biorremediaci\u00f3n del suelo con acidez y metales pesados (As, Cd) en un ecosistema altoandino con influencia minera mediante biochar de esti\u00e9rcol de cuy y consorcios microbianos<\/td><td><p>Suelos altoandinos con influencia minera (Pasco, 4125 m) contaminados con As y Cd fueron tratados con biochar de esti\u00e9rcol de cuy inoculado con consorcios microbianos. Festuca dolichophylla revirti\u00f3 su fenotipo de acumuladora a exclusora de As (BCF de 1.42 a 0.008) con Trichoderma sp.. Lolium perenne alcanz\u00f3 BCF &lt; 0.1 para Cd con Pseudomonas y Trichoderma, garantizando forraje seguro. La estrategia ofrece una soluci\u00f3n aplicable para fitoestabilizaci\u00f3n de suelos con problem\u00e1tica minera en los &hellip;<\/p>\n<\/td><td><div class=\"dlp-table-document-link-wrap\"><a href=\"https:\/\/deev.pe\/wp-content\/uploads\/2026\/04\/Casos-Destacados_INIA_Andi-Solorzano.pdf\" class=\"dlp-download-link dlp-download-button document-library-pro-button button btn\" data-download-id=\"30436\"  download=\"Casos-Destacados_INIA_Andi-Solorzano.pdf\" type=\"application\/pdf\">Descargar<\/a><\/div><\/td><\/tr><tr id=\"post-row-30444\" class=\"post-row post-type-dlp_document dlp_document-30444 publish\"><td><span data-slug=\"yannick-patrick-carrasco-merma\">Yannick Patrick Carrasco Merma<\/span><\/td><td>Pontificia Universidad Cat\u00f3lica del Per\u00fa<\/td><td>Docente Investigador<\/td><td>Digitalizaci\u00f3n y Est\u00e1ndares Internacionales en el Cierre de Minas: Alineamiento T\u00e9cnico con ICMM\/GISTM bajo Miner\u00eda 5.0 en el Per\u00fa<\/td><td><p>La investigaci\u00f3n analiza reportes p\u00fablicos vinculados con ICMM\/GISTM mediante estudios de caso de tres empresas mineras nacionales con activos de presas de relaves. El objetivo es identificar su alineamiento con est\u00e1ndares internacionales y su nivel de implementaci\u00f3n de soluciones basadas en principios de digitalizaci\u00f3n bajo el enfoque de Miner\u00eda 5.0. Los resultados contribuyen al desarrollo de un modelo de gobernanza para el cierre y postcierre, orientado a una audiencia t\u00e9cnica del &hellip;<\/p>\n<\/td><td><div class=\"dlp-table-document-link-wrap\"><a href=\"https:\/\/deev.pe\/wp-content\/uploads\/2026\/04\/Casos-Destacados_PUCP_Yannick-Carrasco.pdf\" class=\"dlp-download-link dlp-download-button document-library-pro-button button btn\" data-download-id=\"30444\"  download=\"Casos-Destacados_PUCP_Yannick-Carrasco.pdf\" type=\"application\/pdf\">Descargar<\/a><\/div><\/td><\/tr><tr id=\"post-row-30499\" class=\"post-row post-type-dlp_document dlp_document-30499 publish\"><td><span data-slug=\"javier-raul-condor-huaman\">Javier Ra\u00fal C\u00f3ndor Huam\u00e1n<\/span><\/td><td>Shahuindo<\/td><td>Superintendente de Permisos<\/td><td>Disminuci\u00f3n de la huella ambiental mediante el re\u00faso del Tajo Chalarina como backfill<\/td><td><p>La Unidad Minera Shahuindo ha desarrollado una alternativa de ingenier\u00eda para el re\u00faso del Tajo Chalarina como dep\u00f3sito de backfill y futura plataforma para un pad de lixiviaci\u00f3n, extendiendo la vida \u00fatil hasta 2032 sin requerir nuevas \u00e1reas. Esta soluci\u00f3n reutiliza zonas previamente intervenidas, evitando la afectaci\u00f3n de aproximadamente 143.5 ha adicionales. Se reducen impactos ambientales y sociales, as\u00ed como obligaciones de cierre. Adem\u00e1s, se proyectan ahorros superiores a USD 200 millones en CAPEX y OPEX frente a un escenario de expansi\u00f3n &hellip;<\/p>\n<\/td><td><div class=\"dlp-table-document-link-wrap\"><a href=\"https:\/\/deev.pe\/wp-content\/uploads\/2026\/04\/Casos-Destacados_Shahuindo_Javier-Condor.pdf\" class=\"dlp-download-link dlp-download-button document-library-pro-button button btn\" data-download-id=\"30499\"  download=\"Casos-Destacados_Shahuindo_Javier-Condor.pdf\" type=\"application\/pdf\">Descargar<\/a><\/div><\/td><\/tr><tr id=\"post-row-30501\" class=\"post-row post-type-dlp_document dlp_document-30501 publish\"><td><span data-slug=\"francisco-rolando-quevedo-gonzales\">Francisco Rolando Quevedo Gonzales<\/span><\/td><td>Zijin La Arena<\/td><td>Superintendente de Gesti\u00f3n Ambiental<\/td><td>Tecnosoles como alternativa circular para el cierre final de dep\u00f3sitos de desmonte: evaluaci\u00f3n comparativa y optimizaci\u00f3n de coberturas en miner\u00eda<\/td><td><p>El estudio eval\u00faa la implementaci\u00f3n de tecnosoles, puros o combinados con geocompuestos, como cobertura de cierre en dep\u00f3sitos de desmonte en Mina La Arena (Per\u00fa). Los resultados evidencian su efectividad para neutralizar pH, inmovilizar metales y lograr cobertura vegetal completa con alta fertilidad. Adem\u00e1s, contribuyen al secuestro de carbono, con potencial de hasta 762 tCO\u2082eq\/ha en 20 a\u00f1os. Se concluye que los tecnosoles representan una alternativa circular viable, con beneficios ambientales y potencial para financiamiento mediante cr\u00e9ditos de &hellip;<\/p>\n<\/td><td><div class=\"dlp-table-document-link-wrap\"><a href=\"https:\/\/deev.pe\/wp-content\/uploads\/2026\/04\/Casos-Destacados_Zijin-La-Arena_Francisco-Quevedo.pdf\" class=\"dlp-download-link dlp-download-button document-library-pro-button button btn\" data-download-id=\"30501\"  download=\"Casos-Destacados_Zijin-La-Arena_Francisco-Quevedo.pdf\" type=\"application\/pdf\">Descargar<\/a><\/div><\/td><\/tr><\/tbody><\/table><\/div>\n\t\t\t\t\t\t<\/div>\n\t\t\t\t<\/div>\n\t\t\t\t\t<\/div>\n\t\t\t\t<\/div>\n\t\t\t\t<\/div>","protected":false},"excerpt":{"rendered":"<p>GESTI\u00d3N DE PROYECTO INTEGRAL, CIRCULAR, SOSTENIBLE Y CON LEGADO POSITIVO 23 &amp; 24 Abril 2026 CASOS DESTACADOS<\/p>","protected":false},"author":1,"featured_media":0,"parent":22274,"menu_order":0,"comment_status":"closed","ping_status":"closed","template":"","meta":{"_acf_changed":false,"footnotes":""},"class_list":["post-30423","page","type-page","status-publish","hentry"],"acf":[],"_links":{"self":[{"href":"https:\/\/deev.pe\/en\/wp-json\/wp\/v2\/pages\/30423","targetHints":{"allow":["GET"]}}],"collection":[{"href":"https:\/\/deev.pe\/en\/wp-json\/wp\/v2\/pages"}],"about":[{"href":"https:\/\/deev.pe\/en\/wp-json\/wp\/v2\/types\/page"}],"author":[{"embeddable":true,"href":"https:\/\/deev.pe\/en\/wp-json\/wp\/v2\/users\/1"}],"replies":[{"embeddable":true,"href":"https:\/\/deev.pe\/en\/wp-json\/wp\/v2\/comments?post=30423"}],"version-history":[{"count":0,"href":"https:\/\/deev.pe\/en\/wp-json\/wp\/v2\/pages\/30423\/revisions"}],"up":[{"embeddable":true,"href":"https:\/\/deev.pe\/en\/wp-json\/wp\/v2\/pages\/22274"}],"wp:attachment":[{"href":"https:\/\/deev.pe\/en\/wp-json\/wp\/v2\/media?parent=30423"}],"curies":[{"name":"wp","href":"https:\/\/api.w.org\/{rel}","templated":true}]}}